{"id":195,"date":"2016-05-06T13:23:27","date_gmt":"2016-05-06T11:23:27","guid":{"rendered":"https:\/\/www.instamak.de\/?page_id=195"},"modified":"2016-07-29T12:52:34","modified_gmt":"2016-07-29T10:52:34","slug":"umwelt-und-arbeitsschutz","status":"publish","type":"page","link":"https:\/\/www.instamak.de\/en\/umwelt-und-arbeitsschutz\/","title":{"rendered":"Environment protection and work safety"},"content":{"rendered":"<p>[et_pb_section admin_label=&#8221;section&#8221;][et_pb_row admin_label=&#8221;Zeile&#8221;][et_pb_column type=&#8221;4_4&#8243;][et_pb_text admin_label=&#8221;Environment protection and work safety &#8211; Headline&#8221; background_layout=&#8221;light&#8221; text_orientation=&#8221;left&#8221; use_border_color=&#8221;off&#8221; border_color=&#8221;#ffffff&#8221; border_style=&#8221;solid&#8221;]<\/p>\n<h1>Environment protection and work safety<\/h1>\n<p>[\/et_pb_text][\/et_pb_column][\/et_pb_row][et_pb_row admin_label=&#8221;row&#8221;][et_pb_column type=&#8221;2_3&#8243;][et_pb_blurb admin_label=&#8221;Ecology and sustainability &#8211; text&#8221; url_new_window=&#8221;off&#8221; use_icon=&#8221;off&#8221; icon_color=&#8221;#7EBEC5&#8243; use_circle=&#8221;off&#8221; circle_color=&#8221;#7EBEC5&#8243; use_circle_border=&#8221;off&#8221; circle_border_color=&#8221;#7EBEC5&#8243; icon_placement=&#8221;top&#8221; animation=&#8221;top&#8221; background_layout=&#8221;light&#8221; text_orientation=&#8221;left&#8221; use_icon_font_size=&#8221;off&#8221; use_border_color=&#8221;off&#8221; border_color=&#8221;#ffffff&#8221; border_style=&#8221;solid&#8221;]<\/p>\n<p>Ecology and sustainability as well as the health and safety of our employees are at the core of our business. We try to conserve natural resources, to ensure the well being and safety of our employees and to work harmoniously with economic and ecological demands. This is why we meet legal statutes in the areas of environment, employees\u2019 health and safety not only at minimum levels but often exceeding the standards of the federal accident prevention and insurance associations.<\/p>\n<p>According to our self-conception, work and environmental safety starts with the procurement of raw and auxiliary materials and continues outside of our plant gates. From the very beginning we have manufactured our products under aspects of sustainability and care for the environment \u2013 conviction and sense of responsibility of the owners.<\/p>\n<p>[\/et_pb_blurb][\/et_pb_column][et_pb_column type=&#8221;1_3&#8243;][et_pb_blurb admin_label=&#8221;our aggregates&#8221; url_new_window=&#8221;off&#8221; use_icon=&#8221;off&#8221; icon_color=&#8221;#7EBEC5&#8243; use_circle=&#8221;off&#8221; circle_color=&#8221;#7EBEC5&#8243; use_circle_border=&#8221;off&#8221; circle_border_color=&#8221;#7EBEC5&#8243; image=&#8221;https:\/\/www.instamak.de\/wp-content\/uploads\/2016\/05\/sande.jpg&#8221; alt=&#8221;our aggregates&#8221; icon_placement=&#8221;top&#8221; animation=&#8221;top&#8221; background_layout=&#8221;light&#8221; text_orientation=&#8221;left&#8221; use_icon_font_size=&#8221;off&#8221; use_border_color=&#8221;off&#8221; border_color=&#8221;#ffffff&#8221; border_style=&#8221;solid&#8221;]<\/p>\n<p>our aggregates<\/p>\n<p>[\/et_pb_blurb][\/et_pb_column][\/et_pb_row][et_pb_row admin_label=&#8221;Zeile&#8221;][et_pb_column type=&#8221;4_4&#8243;][et_pb_text admin_label=&#8221;Work surroundings and production &#8211; Headline&#8221; background_layout=&#8221;light&#8221; text_orientation=&#8221;left&#8221; use_border_color=&#8221;off&#8221; border_color=&#8221;#ffffff&#8221; border_style=&#8221;solid&#8221;]<\/p>\n<h3>Work surroundings and production<\/h3>\n<p>[\/et_pb_text][\/et_pb_column][\/et_pb_row][et_pb_row admin_label=&#8221;Zeile&#8221;][et_pb_column type=&#8221;2_3&#8243;][et_pb_blurb admin_label=&#8221;Work surroundings and production &#8211; text&#8221; url_new_window=&#8221;off&#8221; use_icon=&#8221;off&#8221; icon_color=&#8221;#7EBEC5&#8243; use_circle=&#8221;off&#8221; circle_color=&#8221;#7EBEC5&#8243; use_circle_border=&#8221;off&#8221; circle_border_color=&#8221;#7EBEC5&#8243; icon_placement=&#8221;top&#8221; animation=&#8221;top&#8221; background_layout=&#8221;light&#8221; text_orientation=&#8221;left&#8221; use_icon_font_size=&#8221;off&#8221; use_border_color=&#8221;off&#8221; border_color=&#8221;#ffffff&#8221; border_style=&#8221;solid&#8221;]<\/p>\n<p>When planning for our new plant in Selmsdorf it was our declared aim to save as much energy as possible. The consumption of gas, heating fuel and electricity for years has been a major cost factor. Besides that we wanted to create a plant which is both ecologically justifiable and impeccable in terms of occupational health. In order to meet this goal we had to harmonise our technical requirements with legislation and occupational health regulations, which we did!<\/p>\n<p>We consequently separated the bunkering of aggregates, binder and additive storage as well as enclosed the conveying system and mixing stations. Our production personnel work in clean, light workspaces that don\u2019t require dust- or noise protection.<\/p>\n<p>[\/et_pb_blurb][et_pb_blurb admin_label=&#8221;Informationstext&#8221; url_new_window=&#8221;off&#8221; use_icon=&#8221;off&#8221; icon_color=&#8221;#7EBEC5&#8243; use_circle=&#8221;off&#8221; circle_color=&#8221;#7EBEC5&#8243; use_circle_border=&#8221;off&#8221; circle_border_color=&#8221;#7EBEC5&#8243; icon_placement=&#8221;top&#8221; animation=&#8221;top&#8221; background_layout=&#8221;light&#8221; text_orientation=&#8221;left&#8221; use_icon_font_size=&#8221;off&#8221; use_border_color=&#8221;off&#8221; border_color=&#8221;#ffffff&#8221; border_style=&#8221;solid&#8221;]<\/p>\n<p>In-house transport is done with electric fork lifts to avoid fine dust and fumes. The separated area of aggregate bunkering, though, requires a powerful LPG-operated machine.<br \/>\nThe total solvent content of our repair asphalts is below 1% of weight, which is equally pleasant for our employees and customers. The solvent used is aliphatic and thus not harmful to health.<\/p>\n<p>[\/et_pb_blurb][\/et_pb_column][et_pb_column type=&#8221;1_3&#8243;][et_pb_blurb admin_label=&#8221;Quarry in use&#8221; url_new_window=&#8221;off&#8221; use_icon=&#8221;off&#8221; icon_color=&#8221;#7EBEC5&#8243; use_circle=&#8221;off&#8221; circle_color=&#8221;#7EBEC5&#8243; use_circle_border=&#8221;off&#8221; circle_border_color=&#8221;#7EBEC5&#8243; image=&#8221;https:\/\/www.instamak.de\/wp-content\/uploads\/2016\/05\/steinbruch-1.jpg&#8221; icon_placement=&#8221;top&#8221; animation=&#8221;top&#8221; background_layout=&#8221;light&#8221; text_orientation=&#8221;left&#8221; use_icon_font_size=&#8221;off&#8221; use_border_color=&#8221;off&#8221; border_color=&#8221;#ffffff&#8221; border_style=&#8221;solid&#8221;]<\/p>\n<p>Quarry in use<\/p>\n<p>[\/et_pb_blurb][\/et_pb_column][\/et_pb_row][et_pb_row admin_label=&#8221;Zeile&#8221;][et_pb_column type=&#8221;4_4&#8243;][et_pb_text admin_label=&#8221;Raw materials &#8211; Headline&#8221; background_layout=&#8221;light&#8221; text_orientation=&#8221;left&#8221; use_border_color=&#8221;off&#8221; border_color=&#8221;#ffffff&#8221; border_style=&#8221;solid&#8221;]<\/p>\n<h3>Raw materials<\/h3>\n<p>[\/et_pb_text][\/et_pb_column][\/et_pb_row][et_pb_row admin_label=&#8221;Zeile&#8221;][et_pb_column type=&#8221;2_3&#8243;][et_pb_blurb admin_label=&#8221;Raw materials &#8211; Text&#8221; url_new_window=&#8221;off&#8221; use_icon=&#8221;off&#8221; icon_color=&#8221;#7EBEC5&#8243; use_circle=&#8221;off&#8221; circle_color=&#8221;#7EBEC5&#8243; use_circle_border=&#8221;off&#8221; circle_border_color=&#8221;#7EBEC5&#8243; icon_placement=&#8221;top&#8221; animation=&#8221;top&#8221; background_layout=&#8221;light&#8221; text_orientation=&#8221;left&#8221; use_icon_font_size=&#8221;off&#8221; use_border_color=&#8221;off&#8221; border_color=&#8221;#ffffff&#8221; border_style=&#8221;solid&#8221;]<\/p>\n<p>When choosing our raw material suppliers we demand first and foremost stable, high quality, environmentally friendly mining excavation and processing as well as safe transport and immediate re-naturalisation.<br \/>\nOur aggregate and dust suppliers work with highly modern crushing equipment and special exhaust systems, which guarantee an almost complete use of crushed and ground materials.<\/p>\n<p>[\/et_pb_blurb][\/et_pb_column][et_pb_column type=&#8221;1_3&#8243;][et_pb_blurb admin_label=&#8221;Quarry after re-naturalisation&#8221; url_new_window=&#8221;off&#8221; use_icon=&#8221;off&#8221; icon_color=&#8221;#7EBEC5&#8243; use_circle=&#8221;off&#8221; circle_color=&#8221;#7EBEC5&#8243; use_circle_border=&#8221;off&#8221; circle_border_color=&#8221;#7EBEC5&#8243; image=&#8221;https:\/\/www.instamak.de\/wp-content\/uploads\/2016\/05\/renaturiert.jpg&#8221; icon_placement=&#8221;top&#8221; animation=&#8221;top&#8221; background_layout=&#8221;light&#8221; text_orientation=&#8221;left&#8221; use_icon_font_size=&#8221;off&#8221; use_border_color=&#8221;off&#8221; border_color=&#8221;#ffffff&#8221; border_style=&#8221;solid&#8221; alt=&#8221;Quarry after re-naturalisation&#8221;]<\/p>\n<p>Quarry after re-naturalisation<\/p>\n<p>[\/et_pb_blurb][\/et_pb_column][\/et_pb_row][\/et_pb_section][et_pb_section admin_label=&#8221;Sektion&#8221; fullwidth=&#8221;off&#8221; specialty=&#8221;off&#8221; transparent_background=&#8221;off&#8221; background_color=&#8221;#0f4b7d&#8221; allow_player_pause=&#8221;off&#8221; inner_shadow=&#8221;off&#8221; parallax=&#8221;off&#8221; parallax_method=&#8221;off&#8221; padding_mobile=&#8221;off&#8221; make_fullwidth=&#8221;off&#8221; use_custom_width=&#8221;off&#8221; width_unit=&#8221;on&#8221; make_equal=&#8221;off&#8221; use_custom_gutter=&#8221;off&#8221;][et_pb_row admin_label=&#8221;Zeile&#8221;][et_pb_column type=&#8221;4_4&#8243;][et_pb_text admin_label=&#8221;Auxiliary materials and packaging &#8211; Headline&#8221; background_layout=&#8221;dark&#8221; text_orientation=&#8221;left&#8221; use_border_color=&#8221;off&#8221; border_color=&#8221;#ffffff&#8221; border_style=&#8221;solid&#8221;]<\/p>\n<h3>Auxiliary materials and packaging<\/h3>\n<p>[\/et_pb_text][\/et_pb_column][\/et_pb_row][et_pb_row admin_label=&#8221;Zeile&#8221;][et_pb_column type=&#8221;2_3&#8243;][et_pb_blurb admin_label=&#8221;Auxiliary materials and packaging &#8211; Text&#8221; url_new_window=&#8221;off&#8221; use_icon=&#8221;off&#8221; icon_color=&#8221;#7EBEC5&#8243; use_circle=&#8221;off&#8221; circle_color=&#8221;#7EBEC5&#8243; use_circle_border=&#8221;off&#8221; circle_border_color=&#8221;#7EBEC5&#8243; icon_placement=&#8221;top&#8221; animation=&#8221;top&#8221; background_layout=&#8221;dark&#8221; text_orientation=&#8221;left&#8221; use_icon_font_size=&#8221;off&#8221; use_border_color=&#8221;off&#8221; border_color=&#8221;#ffffff&#8221; border_style=&#8221;solid&#8221;]<\/p>\n<p>Auxiliary materials must be free of harmful substances, durable and safe and, if possible, consist of recycled materials or renewable components.<br \/>\nOur black PE-buckets consist to a large part of Recycling-plastic granulate. Since 1997 we are a member of the RIGK-collection and recycling system for industrial packaging and for more than 15 years have been guaranteeing re-useable packaging acc. to the 5. edition of the packaging regulation, which became compulsory in 2009.<\/p>\n<p>[\/et_pb_blurb][\/et_pb_column][et_pb_column type=&#8221;1_3&#8243;][\/et_pb_column][\/et_pb_row][et_pb_row admin_label=&#8221;Zeile&#8221;][et_pb_column type=&#8221;4_4&#8243;][et_pb_text admin_label=&#8221;Purchasing guide lines &#8211; Headline&#8221; background_layout=&#8221;dark&#8221; text_orientation=&#8221;left&#8221; use_border_color=&#8221;off&#8221; border_color=&#8221;#ffffff&#8221; border_style=&#8221;solid&#8221;]<\/p>\n<h3>Purchasing guide lines<\/h3>\n<p>[\/et_pb_text][\/et_pb_column][\/et_pb_row][et_pb_row admin_label=&#8221;Zeile&#8221;][et_pb_column type=&#8221;2_3&#8243;][et_pb_blurb admin_label=&#8221;Purchasing guide lines &#8211; text&#8221; url_new_window=&#8221;off&#8221; use_icon=&#8221;off&#8221; icon_color=&#8221;#7EBEC5&#8243; use_circle=&#8221;off&#8221; circle_color=&#8221;#7EBEC5&#8243; use_circle_border=&#8221;off&#8221; circle_border_color=&#8221;#7EBEC5&#8243; icon_placement=&#8221;top&#8221; animation=&#8221;top&#8221; background_layout=&#8221;dark&#8221; text_orientation=&#8221;left&#8221; use_icon_font_size=&#8221;off&#8221; use_border_color=&#8221;off&#8221; border_color=&#8221;#ffffff&#8221; border_style=&#8221;solid&#8221;]<\/p>\n<p>Our criteria for purchasing raw materials, auxiliary materials and others are very strict. They comprise of environmental aspects (renewable raw materials, low-emission production, use of environmentally friendly energy sources, short transport distances etc.) as well as social aspects such as strict compliance with working regulation standards in both home and foreign supply companies.<\/p>\n<p>[\/et_pb_blurb][\/et_pb_column][et_pb_column type=&#8221;1_3&#8243;][\/et_pb_column][\/et_pb_row][et_pb_row admin_label=&#8221;Zeile&#8221;][et_pb_column type=&#8221;4_4&#8243;][et_pb_text admin_label=&#8221;Logistics &#8211; headline&#8221; background_layout=&#8221;dark&#8221; text_orientation=&#8221;left&#8221; use_border_color=&#8221;off&#8221; border_color=&#8221;#ffffff&#8221; border_style=&#8221;solid&#8221;]<\/p>\n<h3>Logistics<\/h3>\n<p>[\/et_pb_text][\/et_pb_column][\/et_pb_row][et_pb_row admin_label=&#8221;Zeile&#8221;][et_pb_column type=&#8221;2_3&#8243;][et_pb_blurb admin_label=&#8221;Logistics &#8211; Text&#8221; url_new_window=&#8221;off&#8221; use_icon=&#8221;off&#8221; icon_color=&#8221;#7EBEC5&#8243; use_circle=&#8221;off&#8221; circle_color=&#8221;#7EBEC5&#8243; use_circle_border=&#8221;off&#8221; circle_border_color=&#8221;#7EBEC5&#8243; icon_placement=&#8221;top&#8221; animation=&#8221;top&#8221; background_layout=&#8221;dark&#8221; text_orientation=&#8221;left&#8221; use_icon_font_size=&#8221;off&#8221; use_border_color=&#8221;off&#8221; border_color=&#8221;#ffffff&#8221; border_style=&#8221;solid&#8221;]<\/p>\n<p>Selected logistics partners transport our products quickly and reliably to our customers. When choosing logistics partners we look for low emission trucks \u2013 whenever possible \u2013 as well as competitive prices. A direct network connection saves time and optimizes routing to our customers. This is why we meanwhile refrain from owned fleet vehicles and thus avoid empty loads. All our logistics partners are certified in acc. ISO 14001.<\/p>\n<p>[\/et_pb_blurb][\/et_pb_column][et_pb_column type=&#8221;1_3&#8243;][et_pb_blurb admin_label=&#8221;Distribution depots (excerpt)&#8221; url_new_window=&#8221;off&#8221; use_icon=&#8221;off&#8221; icon_color=&#8221;#7EBEC5&#8243; use_circle=&#8221;off&#8221; circle_color=&#8221;#7EBEC5&#8243; use_circle_border=&#8221;off&#8221; circle_border_color=&#8221;#7EBEC5&#8243; image=&#8221;https:\/\/www.instamak.de\/wp-content\/uploads\/2016\/05\/verteilstation.gif&#8221; alt=&#8221;Distribution depots (excerpt)&#8221; icon_placement=&#8221;top&#8221; animation=&#8221;top&#8221; background_layout=&#8221;dark&#8221; text_orientation=&#8221;left&#8221; use_icon_font_size=&#8221;off&#8221; use_border_color=&#8221;off&#8221; border_color=&#8221;#ffffff&#8221; border_style=&#8221;solid&#8221;]<\/p>\n<p>Distribution depots (excerpt)<\/p>\n<p>[\/et_pb_blurb][\/et_pb_column][\/et_pb_row][\/et_pb_section][et_pb_section admin_label=&#8221;Sektion&#8221; fullwidth=&#8221;off&#8221; specialty=&#8221;off&#8221;][et_pb_row admin_label=&#8221;Zeile&#8221;][et_pb_column type=&#8221;4_4&#8243;][et_pb_text admin_label=&#8221;Dienstreisen &#8211; Headline&#8221; background_layout=&#8221;light&#8221; text_orientation=&#8221;left&#8221; use_border_color=&#8221;off&#8221; border_color=&#8221;#ffffff&#8221; border_style=&#8221;solid&#8221;]<\/p>\n<h3>Dienstreisen<\/h3>\n<p>[\/et_pb_text][\/et_pb_column][\/et_pb_row][et_pb_row admin_label=&#8221;Zeile&#8221;][et_pb_column type=&#8221;2_3&#8243;][et_pb_blurb admin_label=&#8221;Dienstreisen &#8211; Text&#8221; url_new_window=&#8221;off&#8221; use_icon=&#8221;off&#8221; icon_color=&#8221;#7EBEC5&#8243; use_circle=&#8221;off&#8221; circle_color=&#8221;#7EBEC5&#8243; use_circle_border=&#8221;off&#8221; circle_border_color=&#8221;#7EBEC5&#8243; icon_placement=&#8221;top&#8221; animation=&#8221;top&#8221; background_layout=&#8221;light&#8221; text_orientation=&#8221;left&#8221; use_icon_font_size=&#8221;off&#8221; use_border_color=&#8221;off&#8221; border_color=&#8221;#ffffff&#8221; border_style=&#8221;solid&#8221;]<\/p>\n<p>F\u00fcr uns als europaweit t\u00e4tiges Unternehmen ist es unerl\u00e4sslich, durch pers\u00f6nliche Begegnungen den Kontakt zu unseren Kunden und Lieferanten herzustellen und aufrecht zu erhalten. Dabei ist es f\u00fcr uns selbstverst\u00e4ndlich, Dienstreisen sorgf\u00e4ltig zu planen und umweltrelevante Aspekte zu beachten.<br \/>\nSofern es sich um reine Besprechungstermine handelt, ist bis 500 km die Bahn unser bevorzugtes Reisemittel. Da wir sehr viele Produktpr\u00e4sentationen vornehmen und unsere Abnehmer oft weit abseits der Hauptverkehrsadern liegen, ist der PKW, bezogen auf die zur\u00fcckgelegten Kilometer, das meist verwendete Verkehrsmittel.<br \/>\nWegen der hohen Kilometerleistungen sind alle unsere Aussendienstfahrzeuge Dieselfahrzeuge mit Partikelfiltern und EURO 5 bzw. 6. Der CO\u00b2 Ausstoss unserer Firmenflotte lag im vergangen Jahr bei 133 g\/km.<\/p>\n<p>[\/et_pb_blurb][\/et_pb_column][et_pb_column type=&#8221;1_3&#8243;][\/et_pb_column][\/et_pb_row][\/et_pb_section][et_pb_section admin_label=&#8221;Sektion&#8221; fullwidth=&#8221;off&#8221; specialty=&#8221;off&#8221;][et_pb_row admin_label=&#8221;Zeile&#8221;][et_pb_column type=&#8221;1_2&#8243;][\/et_pb_column][et_pb_column type=&#8221;1_2&#8243;][et_pb_image admin_label=&#8221;Stampfer Mann &#8211; Bild&#8221; src=&#8221;https:\/\/www.instamak.de\/wp-content\/uploads\/2016\/05\/stampfer_mann.jpg&#8221; alt=&#8221;Stampfer Mann&#8221; show_in_lightbox=&#8221;off&#8221; url_new_window=&#8221;off&#8221; use_overlay=&#8221;off&#8221; animation=&#8221;off&#8221; sticky=&#8221;on&#8221; align=&#8221;right&#8221; force_fullwidth=&#8221;off&#8221; always_center_on_mobile=&#8221;on&#8221; use_border_color=&#8221;off&#8221; border_color=&#8221;#ffffff&#8221; border_style=&#8221;solid&#8221;] [\/et_pb_image][\/et_pb_column][\/et_pb_row][\/et_pb_section]<\/p>","protected":false},"excerpt":{"rendered":"<p>Umwelt- und Arbeitsschutz \u00d6kologie und Nachhaltigkeit sowie Mitarbeiterschutz und Arbeitssicherheit sind Grundlagen unseres Handelns. Wir achten darauf nat\u00fcrliche Ressourcen zu schonen, die Zufriedenheit und Sicherheit unserer Mitarbeiter zu gew\u00e4hrleisten und all dies in Einklang zu bringen mit \u00f6konomischen und \u00f6kologischen Notwendigkeiten. Deshalb erf\u00fcllen wir die gesetzlichen Auflagen im Bereich Umwelt, Mitarbeiterschutz und Arbeitssicherheit nicht nur [&hellip;]<\/p>\n","protected":false},"author":3,"featured_media":0,"parent":0,"menu_order":0,"comment_status":"closed","ping_status":"closed","template":"","meta":{"_et_pb_use_builder":"on","_et_pb_old_content":"","_et_gb_content_width":""},"_links":{"self":[{"href":"https:\/\/www.instamak.de\/en\/wp-json\/wp\/v2\/pages\/195"}],"collection":[{"href":"https:\/\/www.instamak.de\/en\/wp-json\/wp\/v2\/pages"}],"about":[{"href":"https:\/\/www.instamak.de\/en\/wp-json\/wp\/v2\/types\/page"}],"author":[{"embeddable":true,"href":"https:\/\/www.instamak.de\/en\/wp-json\/wp\/v2\/users\/3"}],"replies":[{"embeddable":true,"href":"https:\/\/www.instamak.de\/en\/wp-json\/wp\/v2\/comments?post=195"}],"version-history":[{"count":0,"href":"https:\/\/www.instamak.de\/en\/wp-json\/wp\/v2\/pages\/195\/revisions"}],"wp:attachment":[{"href":"https:\/\/www.instamak.de\/en\/wp-json\/wp\/v2\/media?parent=195"}],"curies":[{"name":"wp","href":"https:\/\/api.w.org\/{rel}","templated":true}]}}