{"id":409,"date":"2016-08-23T12:36:00","date_gmt":"2016-08-23T10:36:00","guid":{"rendered":"https:\/\/www.instamak.de\/?page_id=409"},"modified":"2018-03-12T12:10:17","modified_gmt":"2018-03-12T11:10:17","slug":"naht-fix","status":"publish","type":"page","link":"https:\/\/www.instamak.de\/en\/naht-fix\/","title":{"rendered":"Naht-Fix"},"content":{"rendered":"<p>[et_pb_section admin_label=&#8221;section&#8221;][et_pb_row admin_label=&#8221;Zeile&#8221;][et_pb_column type=&#8221;1_3&#8243;][et_pb_image admin_label=&#8221;Bild&#8221; src=&#8221;https:\/\/www.instamak.de\/wp-content\/uploads\/2016\/09\/naht-fix.jpg&#8221; show_in_lightbox=&#8221;off&#8221; url_new_window=&#8221;off&#8221; use_overlay=&#8221;off&#8221; animation=&#8221;left&#8221; sticky=&#8221;off&#8221; align=&#8221;left&#8221; force_fullwidth=&#8221;off&#8221; always_center_on_mobile=&#8221;on&#8221; use_border_color=&#8221;off&#8221; border_color=&#8221;#ffffff&#8221; border_style=&#8221;solid&#8221; \/][\/et_pb_column][et_pb_column type=&#8221;2_3&#8243;][et_pb_text admin_label=&#8221;Text&#8221; background_layout=&#8221;light&#8221; text_orientation=&#8221;left&#8221; use_border_color=&#8221;off&#8221; border_color=&#8221;#ffffff&#8221; border_style=&#8221;solid&#8221;]<\/p>\n<p>INSTAMAK Naht-Fix ist eine spr\u00fchbare, l\u00f6semittelhaltige Bitumenl\u00f6sung. Durch die<\/p>\n<p>spezielle Spraydose mit dem bedienfreundlichen 360\u00b0\u00a0Kippventil k\u00f6nnen m\u00fchelos kleine<\/p>\n<p>Fl\u00e4chen ohne Einsatz weiterer Werkzeuge abgedichtet werden.<\/p>\n<p>Das Produkt dringt gut in den Untergrund ein, wirkt staubbindend und trocknet schneller<\/p>\n<p>als streichf\u00e4hige Bitumenanstriche. Wirkstoff gepr\u00fcft nach EN 15322 (Verschnittenes und<\/p>\n<p>gefluxtes bitumenhaltiges Bindemittel Fm2B6).<\/p>\n<p>Anwendungsgebiete<\/p>\n<p>INSTAMAK Naht-Fix wird zur Nachbehandlung von Reparaturn\u00e4hten oder kann<\/p>\n<p>zur Haftverbesserung f\u00fcr verschiedene Bitumenbaustoffe wie folgt eingesetzt:<\/p>\n<p>\u2022 Untergrundvorbehandlung f\u00fcr Bitumen- Schwei\u00dfbahnen<\/p>\n<p>\u2022 Grundierung f\u00fcr l\u00f6semittelhaltige Bitumenanstriche<\/p>\n<p>\u2022 Haftvermittlung f\u00fcr Stra\u00dfenreparaturmaterialien<\/p>\n<p>\u2022 Haftverbesserung auf Asphaltfl\u00e4chen vor dem Einbau von INSTAMAK Riss-Tape<\/p>\n<p>\u2022 Grundierung von Fugenflanken vor der Verarbeitung von Schmelzb\u00e4ndern<\/p>\n<p>INSTAMAK Naht-Fix haftet auf den meisten bau\u00fcblichen Untergr\u00fcnden (z.B. Beton,<\/p>\n<p>Mauerwerk, Putz, Metall, Holz, Asphalt etc.). INSTAMAK Naht-Fix ist nicht geeignet<\/p>\n<p>f\u00fcr die Anwendung auf expandiertem und extrudiertem Polystyrol sowie allen<\/p>\n<p>Untergr\u00fcnden die nicht l\u00f6semittelbest\u00e4ndig sind!<\/p>\n<p>Ihre Vorteile<\/p>\n<p>\u2022 einfachste Handhabung ohne Pinsel, B\u00fcrste oder Roller<\/p>\n<p>\u2022 dadurch keine Werkzeugreinigung n\u00f6tig<\/p>\n<p>\u2022 sofort einsatzbereit<\/p>\n<p>\u2022 sparsamer Verbrauch<\/p>\n<p>\u2022 universell f\u00fcr kleine Fl\u00e4chen geeignet<\/p>\n<p>\u2022 gute Hafteigenschaften bei schneller Trocknung<\/p>\n<p>\u2022 hohes Eindringverm\u00f6gen und Benetzung des Untergrundes<\/p>\n<p>[\/et_pb_text][\/et_pb_column][\/et_pb_row][\/et_pb_section]<\/p>","protected":false},"excerpt":{"rendered":"<p>INSTAMAK Naht-Fix ist eine spr\u00fchbare, l\u00f6semittelhaltige Bitumenl\u00f6sung. Durch die spezielle Spraydose mit dem bedienfreundlichen 360\u00b0\u00a0Kippventil k\u00f6nnen m\u00fchelos kleine Fl\u00e4chen ohne Einsatz weiterer Werkzeuge abgedichtet werden. Das Produkt dringt gut in den Untergrund ein, wirkt staubbindend und trocknet schneller als streichf\u00e4hige Bitumenanstriche. Wirkstoff gepr\u00fcft nach EN 15322 (Verschnittenes und gefluxtes bitumenhaltiges Bindemittel Fm2B6). Anwendungsgebiete INSTAMAK Naht-Fix [&hellip;]<\/p>\n","protected":false},"author":3,"featured_media":0,"parent":0,"menu_order":0,"comment_status":"closed","ping_status":"closed","template":"","meta":{"_et_pb_use_builder":"on","_et_pb_old_content":"","_et_gb_content_width":""},"_links":{"self":[{"href":"https:\/\/www.instamak.de\/en\/wp-json\/wp\/v2\/pages\/409"}],"collection":[{"href":"https:\/\/www.instamak.de\/en\/wp-json\/wp\/v2\/pages"}],"about":[{"href":"https:\/\/www.instamak.de\/en\/wp-json\/wp\/v2\/types\/page"}],"author":[{"embeddable":true,"href":"https:\/\/www.instamak.de\/en\/wp-json\/wp\/v2\/users\/3"}],"replies":[{"embeddable":true,"href":"https:\/\/www.instamak.de\/en\/wp-json\/wp\/v2\/comments?post=409"}],"version-history":[{"count":0,"href":"https:\/\/www.instamak.de\/en\/wp-json\/wp\/v2\/pages\/409\/revisions"}],"wp:attachment":[{"href":"https:\/\/www.instamak.de\/en\/wp-json\/wp\/v2\/media?parent=409"}],"curies":[{"name":"wp","href":"https:\/\/api.w.org\/{rel}","templated":true}]}}