{"id":413,"date":"2016-08-23T12:40:02","date_gmt":"2016-08-23T10:40:02","guid":{"rendered":"https:\/\/www.instamak.de\/?page_id=413"},"modified":"2016-09-19T16:29:47","modified_gmt":"2016-09-19T14:29:47","slug":"413-2","status":"publish","type":"page","link":"https:\/\/www.instamak.de\/en\/413-2\/","title":{"rendered":"Riss-Tape"},"content":{"rendered":"<p>[et_pb_section admin_label=&#8221;section&#8221;][et_pb_row admin_label=&#8221;Zeile&#8221;][et_pb_column type=&#8221;4_4&#8243;][et_pb_text admin_label=&#8221;Text&#8221; background_layout=&#8221;light&#8221; text_orientation=&#8221;left&#8221; use_border_color=&#8221;off&#8221; border_color=&#8221;#ffffff&#8221; border_style=&#8221;solid&#8221;]<\/p>\n<h2 class=\"instamak-headline\">INSTAMAK Riss-Tape<\/h2>\n<p>[\/et_pb_text][\/et_pb_column][\/et_pb_row][et_pb_row admin_label=&#8221;Zeile&#8221;][et_pb_column type=&#8221;1_3&#8243;][et_pb_image admin_label=&#8221;Bild&#8221; src=&#8221;https:\/\/www.instamak.de\/wp-content\/uploads\/2016\/05\/risstape-1.jpg&#8221; show_in_lightbox=&#8221;off&#8221; url_new_window=&#8221;off&#8221; use_overlay=&#8221;off&#8221; animation=&#8221;left&#8221; sticky=&#8221;off&#8221; align=&#8221;left&#8221; force_fullwidth=&#8221;off&#8221; always_center_on_mobile=&#8221;on&#8221; use_border_color=&#8221;off&#8221; border_color=&#8221;#ffffff&#8221; border_style=&#8221;solid&#8221;]<\/p>\n<p>[\/et_pb_image][\/et_pb_column][et_pb_column type=&#8221;2_3&#8243;][et_pb_text admin_label=&#8221;Text&#8221; background_layout=&#8221;light&#8221; text_orientation=&#8221;left&#8221; use_border_color=&#8221;off&#8221; border_color=&#8221;#ffffff&#8221; border_style=&#8221;solid&#8221;]<\/p>\n<p><span class=\"instamak\">INSTAMAK<\/span> Riss-Tape ist ein Bitumenband, hergestellt aus einer neuartigen Verbindung von Polymer- und Elastomerbitumen. Aufgrund dieser Zusammensetzung hat es eine extrem hohe Elastizit\u00e4t und hervorragendes R\u00fcckstellverm\u00f6gen.<\/p>\n<h4>Anwendungsgebiete:<\/h4>\n<p><span class=\"instamak\">INSTAMAK<\/span> Riss-Tape wird zur Abdichtung von Rissen und Fugen im Stra\u00dfen-, Schienen- und Br\u00fcckenbau verwendet. Neben seiner enormen Elastizit\u00e4t verf\u00fcgt es \u00fcber ausgezeichnete Schmelzeigenschaften wodurch auch ein idealer Ersatz zur Hei\u00dfverfugung entsteht.<\/p>\n<h4>Vorbereitung der Fugenflanke:<\/h4>\n<p>Die Fugenflanke muss sauber, trocken, fest und staubfrei sein. Bei einem Fugenverschluss, welcher in Anlehnung an die ZTV Fug hergestellt wird, ist ein Bitumenvoranstrich in den Riss bzw. in die Fuge einzubringen &#8211; analog zur Verfugung im Hei\u00df-Verguss-Verfahren. Bereits durch direkten Einschmelzen in eine feste, staubfreie und trockene Fuge werden sehr gute und nachhaltige Reparaturergebnisse erzielt.<\/p>\n<h4>Verlegen oder Einschmelzen des <span class=\"instamak\">INSTAMAK<\/span> Fugenbandes:<\/h4>\n<p>Sobald der Voranstrich abgetrocknet ist, kann das Fugenband eingeschmolzen oder verlegt werden. Das Fugenband sollte in die Fuge oder \u00fcber der Fuge ausgerollt werden. Das schmelzbare <span class=\"instamak\">INSTAMAK<\/span> Riss-Tape wird mit dem Gasbrenner angeschmolzen und an die Fugenflanke angedr\u00fcckt oder alternativ solange erhitzt, dass es schmilzt und in den Riss \/ in die Fuge als fl\u00fcssige Masse eindringt &#8211; analog zum Hei\u00df-Verguss-Verfahren mit Verguss-Bitumen. Bei der Verlegung von Walzasphalt wird das Riss-Tape mit 5 mm Band\u00fcberstand verlegt, damit beim Walzen des Asphalts eine Vernietung mit den Flanken entsteht und sich an der Oberfl\u00e4che eine zus\u00e4tzliche Abdichtung ausbildet. In Gussasphalt-Fl\u00e4chen werden Bitumenfugenb\u00e4nder in der Regel b\u00fcndig mit der Oberkante eingebaut.<\/p>\n<h4>Lieferform:<\/h4>\n<p>Rolle 5 x 50 x 5000 mm<\/p>\n<p>Kartons \u00e0 6 St\u00fcck (Mindestmenge)<\/p>\n<h4>Lagerung:<\/h4>\n<p>Trocken, nicht belasten und in geschlossenen R\u00e4umen bei &lt;30\u00b0 lagern. Vor direkter Sonneneinstrahlung sch\u00fctzen. Die Lagerf\u00e4higkeit betr\u00e4gt bei sachgem\u00e4\u00dfer Lagerung 3- 5 Jahre.<\/p>\n<p>[\/et_pb_text][\/et_pb_column][\/et_pb_row][\/et_pb_section]<\/p>","protected":false},"excerpt":{"rendered":"<p>INSTAMAK Riss-Tape INSTAMAK Riss-Tape ist ein Bitumenband, hergestellt aus einer neuartigen Verbindung von Polymer- und Elastomerbitumen. Aufgrund dieser Zusammensetzung hat es eine extrem hohe Elastizit\u00e4t und hervorragendes R\u00fcckstellverm\u00f6gen. Anwendungsgebiete: INSTAMAK Riss-Tape wird zur Abdichtung von Rissen und Fugen im Stra\u00dfen-, Schienen- und Br\u00fcckenbau verwendet. Neben seiner enormen Elastizit\u00e4t verf\u00fcgt es \u00fcber ausgezeichnete Schmelzeigenschaften wodurch auch [&hellip;]<\/p>\n","protected":false},"author":3,"featured_media":0,"parent":0,"menu_order":0,"comment_status":"closed","ping_status":"closed","template":"","meta":{"_et_pb_use_builder":"on","_et_pb_old_content":"","_et_gb_content_width":""},"_links":{"self":[{"href":"https:\/\/www.instamak.de\/en\/wp-json\/wp\/v2\/pages\/413"}],"collection":[{"href":"https:\/\/www.instamak.de\/en\/wp-json\/wp\/v2\/pages"}],"about":[{"href":"https:\/\/www.instamak.de\/en\/wp-json\/wp\/v2\/types\/page"}],"author":[{"embeddable":true,"href":"https:\/\/www.instamak.de\/en\/wp-json\/wp\/v2\/users\/3"}],"replies":[{"embeddable":true,"href":"https:\/\/www.instamak.de\/en\/wp-json\/wp\/v2\/comments?post=413"}],"version-history":[{"count":0,"href":"https:\/\/www.instamak.de\/en\/wp-json\/wp\/v2\/pages\/413\/revisions"}],"wp:attachment":[{"href":"https:\/\/www.instamak.de\/en\/wp-json\/wp\/v2\/media?parent=413"}],"curies":[{"name":"wp","href":"https:\/\/api.w.org\/{rel}","templated":true}]}}