{"id":686,"date":"2019-08-14T13:54:21","date_gmt":"2019-08-14T11:54:21","guid":{"rendered":"https:\/\/www.instamak.de\/?page_id=686"},"modified":"2019-09-28T10:56:38","modified_gmt":"2019-09-28T08:56:38","slug":"symposium","status":"publish","type":"page","link":"https:\/\/www.instamak.de\/en\/symposium\/","title":{"rendered":"Symposium 2019"},"content":{"rendered":"\n[et_pb_section fb_built=&#8221;1&#8243; admin_label=&#8221;section&#8221; _builder_version=&#8221;3.22&#8243;][et_pb_row _builder_version=&#8221;3.25&#8243; background_size=&#8221;initial&#8221; background_position=&#8221;top_left&#8221; background_repeat=&#8221;repeat&#8221;][et_pb_column type=&#8221;4_4&#8243; _builder_version=&#8221;3.25&#8243; custom_padding=&#8221;|||&#8221; custom_padding__hover=&#8221;|||&#8221;][et_pb_text _builder_version=&#8221;3.26.7&#8243; background_size=&#8221;initial&#8221; background_position=&#8221;top_left&#8221; background_repeat=&#8221;repeat&#8221; use_border_color=&#8221;off&#8221; border_color=&#8221;#ffffff&#8221; border_style=&#8221;solid&#8221;]<h2 class=\"instamak-headline\" style=\"font-stretch: expanded;\">INSTAMAK Symposium 2019<\/h2>\n<p class=\"p2\">STRASSENUNTERHALTUNG HEUTE UND MORGEN<\/p>[\/et_pb_text][\/et_pb_column][\/et_pb_row][et_pb_row column_structure=&#8221;1_3,2_3&#8243; _builder_version=&#8221;3.25&#8243; background_size=&#8221;initial&#8221; background_position=&#8221;top_left&#8221; background_repeat=&#8221;repeat&#8221;][et_pb_column type=&#8221;1_3&#8243; _builder_version=&#8221;3.25&#8243; custom_padding=&#8221;|||&#8221; custom_padding__hover=&#8221;|||&#8221;][et_pb_image src=&#8221;https:\/\/www.instamak.de\/wp-content\/uploads\/2019\/08\/road_square.jpg&#8221; align_tablet=&#8221;center&#8221; align_last_edited=&#8221;on|desktop&#8221; _builder_version=&#8221;3.26.7&#8243; animation_style=&#8221;slide&#8221; animation_direction=&#8221;left&#8221; animation_duration=&#8221;500ms&#8221; animation_intensity_slide=&#8221;10%&#8221; use_border_color=&#8221;off&#8221; border_color=&#8221;#ffffff&#8221; border_style=&#8221;solid&#8221; animation=&#8221;left&#8221; sticky=&#8221;off&#8221; always_center_on_mobile=&#8221;on&#8221;][\/et_pb_image][\/et_pb_column][et_pb_column type=&#8221;2_3&#8243; _builder_version=&#8221;3.25&#8243; custom_padding=&#8221;|||&#8221; custom_padding__hover=&#8221;|||&#8221;][et_pb_text _builder_version=&#8221;3.26.7&#8243; background_size=&#8221;initial&#8221; background_position=&#8221;top_left&#8221; background_repeat=&#8221;repeat&#8221; use_border_color=&#8221;off&#8221; border_color=&#8221;#ffffff&#8221; border_style=&#8221;solid&#8221;]<p class=\"p2\">Am 25. September 2019<\/p>\n<p><span style=\"font-size: 16px;\">H\u00f6ren Sie praxisnahe Fachvortr\u00e4ge und nutzen Sie die Gelegenheit zum Austausch mit den Referenten und Berufskollegen<\/span><\/p>\n<h4><\/h4>\n<p><span class=\"instamak\">PROGRAMM<\/span>\u00a0<\/p>[\/et_pb_text][et_pb_text _builder_version=&#8221;3.26.7&#8243;]<table class=\"symposium-program\">\n<tbody>\n<tr>\n<td class=\"left-column\">08:30 Uhr<\/td>\n<td class=\"right-column\">Eintreffen der G\u00e4ste zum Selmsdorfer Stra\u00dfenbaufr\u00fchst\u00fcck<\/td>\n<\/tr>\n<tr>\n<td class=\"left-column\">09:30 Uhr<\/td>\n<td class=\"right-column\">Begr\u00fc\u00dfung der Teilnehmer<\/td>\n<\/tr>\n<tr>\n<td class=\"left-column\">09:40 Uhr<\/td>\n<td class=\"right-column\">Stra\u00dfenzustand, Vers\u00e4umnisse, L\u00f6sungsans\u00e4tze<br \/> <span class=\"speaker\">Dipl.-Ing. Ulrich L\u00fcthje, Asphalt-Labor, Wahlstedt<\/span><\/td>\n<\/tr>\n<tr>\n<td class=\"left-column\">10:30 Uhr<\/td>\n<td class=\"right-column\">Stra\u00dfenunterhaltung aus der Sicht einer Kleinstadt<br \/> <span class=\"speaker\">Dipl.-Ing. Guido Klossek, Fachdienstleiter Tiefbau, Stadt Ratzeburg<\/span><\/td>\n<\/tr>\n<tr>\n<td class=\"left-column\">11:00 Uhr<\/td>\n<td class=\"right-column\">Pause<\/td>\n<\/tr>\n<tr>\n<td class=\"left-column\">11:15 Uhr<\/td>\n<td class=\"right-column\">Das H RepA der FGSV<br \/> Hinweispapier f\u00fcr Reparaturasphalt zur Schadstellenbeseitigung<br \/> <span class=\"speaker\">Dipl.-Ing. Volker Bummel<\/span><\/td>\n<\/tr>\n<tr>\n<td class=\"left-column\">12:00 Uhr<\/td>\n<td class=\"right-column\">informeller Austausch<\/td>\n<\/tr>\n<tr>\n<td class=\"left-column\">12:30 Uhr<\/td>\n<td class=\"right-column\">Mittagessen<\/td>\n<\/tr>\n<tr>\n<td class=\"left-column\">13:30 Uhr<\/td>\n<td class=\"right-column\">\u201eUmwelt- und Arbeitschutz bei der Anwendung\u00a0von Reparaturasphalten\u201c \u2013 Produktinformationen, neue Produkte und Anwendungsbeispiele<br \/> <span class=\"speaker\">Karlheinz Petri, INSTAMAK GmbH<\/span><\/td>\n<\/tr>\n<tr>\n<td class=\"left-column\">14:00 Uhr<\/td>\n<td class=\"right-column\">\u201eBauliche Erhaltung von Verkehrsfl\u00e4chen gem. ZTV BEA-StB\u201c<br \/> <span class=\"speaker\">Dipl.-Ing Volker Bummel<\/span><\/td>\n<\/tr>\n<tr>\n<td class=\"left-column\">14:45 Uhr<\/td>\n<td class=\"right-column\">Ende der Veranstaltung<\/td>\n<\/tr>\n<\/tbody>\n<\/table>[\/et_pb_text][\/et_pb_column][\/et_pb_row][\/et_pb_section][et_pb_section fb_built=&#8221;1&#8243; _builder_version=&#8221;3.22&#8243;][et_pb_row column_structure=&#8221;1_3,1_3,1_3&#8243; _builder_version=&#8221;3.25&#8243; background_size=&#8221;initial&#8221; background_position=&#8221;top_left&#8221; background_repeat=&#8221;repeat&#8221;][et_pb_column type=&#8221;1_3&#8243; _builder_version=&#8221;3.25&#8243; custom_padding=&#8221;|||&#8221; custom_padding__hover=&#8221;|||&#8221;][\/et_pb_column][et_pb_column type=&#8221;1_3&#8243; _builder_version=&#8221;3.26.7&#8243;][\/et_pb_column][et_pb_column type=&#8221;1_3&#8243; _builder_version=&#8221;3.25&#8243; custom_padding=&#8221;|||&#8221; custom_padding__hover=&#8221;|||&#8221;][et_pb_image src=&#8221;https:\/\/www.instamak.de\/wp-content\/uploads\/2016\/05\/stampfer_mann.jpg&#8221; alt=&#8221;Stampfer Mann&#8221; show_bottom_space=&#8221;off&#8221; align=&#8221;right&#8221; align_tablet=&#8221;center&#8221; align_last_edited=&#8221;on|desktop&#8221; _builder_version=&#8221;3.23&#8243; use_border_color=&#8221;off&#8221; border_color=&#8221;#ffffff&#8221; border_style=&#8221;solid&#8221; animation=&#8221;off&#8221; sticky=&#8221;on&#8221; always_center_on_mobile=&#8221;on&#8221;][\/et_pb_image][\/et_pb_column][\/et_pb_row][\/et_pb_section]\n","protected":false},"excerpt":{"rendered":"<p>INSTAMAK Symposium 2019 STRASSENUNTERHALTUNG HEUTE UND MORGEN Am 25. September 2019 H\u00f6ren Sie praxisnahe Fachvortr\u00e4ge und nutzen Sie die Gelegenheit zum Austausch mit den Referenten und Berufskollegen PROGRAMM\u00a0 08:30 Uhr Eintreffen der G\u00e4ste zum Selmsdorfer Stra\u00dfenbaufr\u00fchst\u00fcck 09:30 Uhr Begr\u00fc\u00dfung der Teilnehmer 09:40 Uhr Stra\u00dfenzustand, Vers\u00e4umnisse, L\u00f6sungsans\u00e4tze Dipl.-Ing. Ulrich L\u00fcthje, Asphalt-Labor, Wahlstedt 10:30 Uhr Stra\u00dfenunterhaltung aus [&hellip;]<\/p>\n","protected":false},"author":3,"featured_media":0,"parent":0,"menu_order":0,"comment_status":"closed","ping_status":"closed","template":"","meta":{"_et_pb_use_builder":"on","_et_pb_old_content":"","_et_gb_content_width":""},"_links":{"self":[{"href":"https:\/\/www.instamak.de\/en\/wp-json\/wp\/v2\/pages\/686"}],"collection":[{"href":"https:\/\/www.instamak.de\/en\/wp-json\/wp\/v2\/pages"}],"about":[{"href":"https:\/\/www.instamak.de\/en\/wp-json\/wp\/v2\/types\/page"}],"author":[{"embeddable":true,"href":"https:\/\/www.instamak.de\/en\/wp-json\/wp\/v2\/users\/3"}],"replies":[{"embeddable":true,"href":"https:\/\/www.instamak.de\/en\/wp-json\/wp\/v2\/comments?post=686"}],"version-history":[{"count":0,"href":"https:\/\/www.instamak.de\/en\/wp-json\/wp\/v2\/pages\/686\/revisions"}],"wp:attachment":[{"href":"https:\/\/www.instamak.de\/en\/wp-json\/wp\/v2\/media?parent=686"}],"curies":[{"name":"wp","href":"https:\/\/api.w.org\/{rel}","templated":true}]}}