{"id":103,"date":"2016-05-03T16:05:27","date_gmt":"2016-05-03T14:05:27","guid":{"rendered":"https:\/\/www.instamak.de\/?page_id=103"},"modified":"2018-03-07T18:21:52","modified_gmt":"2018-03-07T17:21:52","slug":"reparaturasphalt","status":"publish","type":"page","link":"https:\/\/www.instamak.de\/nl\/reparaturasphalt\/","title":{"rendered":"Reparatieasfalt"},"content":{"rendered":"<p>[et_pb_section bb_built=&#8221;1&#8243; admin_label=&#8221;section&#8221;][et_pb_row][et_pb_column type=&#8221;4_4&#8243;][et_pb_image admin_label=&#8221;Logo Instamak Reparatieasfalt big&#8221; src=&#8221;https:\/\/www.instamak.de\/wp-content\/uploads\/2016\/05\/instamak_reparatieasfalt_nl_logo.png&#8221; alt=&#8221;Instamak Repair Asphalt&#8221; show_in_lightbox=&#8221;off&#8221; url_new_window=&#8221;off&#8221; use_overlay=&#8221;off&#8221; animation=&#8221;off&#8221; sticky=&#8221;on&#8221; align=&#8221;left&#8221; force_fullwidth=&#8221;off&#8221; always_center_on_mobile=&#8221;on&#8221; use_border_color=&#8221;off&#8221; border_color=&#8221;#ffffff&#8221; border_style=&#8221;solid&#8221; show_bottom_space=&#8221;off&#8221; animation_style=&#8221;none&#8221; animation_duration=&#8221;1000ms&#8221; animation_intensity_slide=&#8221;50%&#8221; \/][\/et_pb_column][\/et_pb_row][et_pb_row admin_label=&#8221;row&#8221;][et_pb_column type=&#8221;2_3&#8243;][et_pb_blurb url_new_window=&#8221;off&#8221; use_icon=&#8221;off&#8221; use_circle=&#8221;off&#8221; use_circle_border=&#8221;off&#8221; icon_placement=&#8221;top&#8221; background_layout=&#8221;light&#8221; use_icon_font_size=&#8221;off&#8221; use_border_color=&#8221;off&#8221; border_color=&#8221;#ffffff&#8221; border_style=&#8221;solid&#8221; border_color_all=&#8221;#ffffff&#8221; _builder_version=&#8221;3.0.89&#8243; border_style_all=&#8221;solid&#8221;]<\/p>\n<ul>\n<li>Voor het langdurig repareren van asfaltschade<br \/>\nop diversen wegen met verschillende verkeersbelastingen<\/li>\n<li>Permanente reparatie met asfalt van kabelsleuven,<br \/>\nputranden, wegopbrekingen e.d.<\/li>\n<li>Anrampungen f\u00fcr\u00a0Behelfsauffahrten<\/li>\n<li>Verwerkbaar bij temperaturen van<br \/>\n<span style=\"color: #004f9d;\">\u2013 40\u00b0<\/span> tot\u00a0<span style=\"color: #f00000;\">+ 60\u00b0<\/span> C<\/li>\n<li>Opritten voor rolstoelgebruikers en mindervaliden.<\/li>\n<li>Direct overrijdbaar<br \/>\n(zonder punt- en draaibelasting)<\/li>\n<\/ul>\n<p>[\/et_pb_blurb][\/et_pb_column][et_pb_column type=&#8221;1_3&#8243;][et_pb_image src=&#8221;https:\/\/www.instamak.de\/wp-content\/uploads\/2016\/05\/eimer.jpg&#8221; alt=&#8221;Instamak Reparaturasphalt&#8221; show_in_lightbox=&#8221;off&#8221; url_new_window=&#8221;off&#8221; use_overlay=&#8221;off&#8221; animation=&#8221;left&#8221; sticky=&#8221;off&#8221; align=&#8221;center&#8221; force_fullwidth=&#8221;off&#8221; always_center_on_mobile=&#8221;on&#8221; use_border_color=&#8221;off&#8221; border_color=&#8221;#ffffff&#8221; border_style=&#8221;solid&#8221; animation_direction=&#8221;left&#8221; show_bottom_space=&#8221;on&#8221; animation_style=&#8221;slide&#8221; animation_duration=&#8221;500ms&#8221; animation_intensity_slide=&#8221;10%&#8221; \/][\/et_pb_column][\/et_pb_row][\/et_pb_section][et_pb_section bb_built=&#8221;1&#8243; fullwidth=&#8221;off&#8221; specialty=&#8221;off&#8221;][et_pb_row][et_pb_column type=&#8221;1_2&#8243;][et_pb_text background_layout=&#8221;light&#8221; text_orientation=&#8221;left&#8221; use_border_color=&#8221;off&#8221; border_color=&#8221;#ffffff&#8221; border_style=&#8221;solid&#8221;]<\/p>\n<p><img loading=\"lazy\" class=\"alignleft size-full wp-image-246\" src=\"https:\/\/www.instamak.de\/wp-content\/uploads\/2016\/05\/instamak_reparatieasfalt_nl_small.png\" alt=\"Instamak Reparatieasfalt\" width=\"393\" height=\"32\" srcset=\"https:\/\/www.instamak.de\/wp-content\/uploads\/2016\/05\/instamak_reparatieasfalt_nl_small.png 393w, https:\/\/www.instamak.de\/wp-content\/uploads\/2016\/05\/instamak_reparatieasfalt_nl_small-300x24.png 300w\" sizes=\"(max-width: 393px) 100vw, 393px\" \/><\/p>\n<p>&nbsp;<\/p>\n<p>Instamak reparatieasfalt is een kant en klaar asfaltmengsel voor het repareren van asfalt- en betonoppervlakten. Het kan het gehele jaar door ook bij regen direct uit een 25 kg emmer verwerkt worden. Het droog branden of voorstrijken van het reparatievlak met een primer is niet nodig. Hoogwaardige splitsoorten volgens EN 13043 met polymeerbitumen in combinatie met\u00a0 speciale kleefstoffen en additieven garanderen een langdurige reparatie van schade op autosnelwegen, provinciale en lokale wegen van diversen belastingen conform CE markeringen.<\/p>\n<p>[\/et_pb_text][\/et_pb_column][et_pb_column type=&#8221;1_2&#8243;][et_pb_text background_layout=&#8221;light&#8221; text_orientation=&#8221;left&#8221; use_border_color=&#8221;off&#8221; border_color=&#8221;#ffffff&#8221; border_style=&#8221;solid&#8221; _builder_version=&#8221;3.0.89&#8243;]<\/p>\n<p><img loading=\"lazy\" class=\"alignleft size-full wp-image-246\" src=\"https:\/\/www.instamak.de\/wp-content\/uploads\/2016\/05\/instamak_reparatieasfalt_nl_small.png\" alt=\"Instamak Reparatieasfalt\" width=\"393\" height=\"32\" srcset=\"https:\/\/www.instamak.de\/wp-content\/uploads\/2016\/05\/instamak_reparatieasfalt_nl_small.png 393w, https:\/\/www.instamak.de\/wp-content\/uploads\/2016\/05\/instamak_reparatieasfalt_nl_small-300x24.png 300w\" sizes=\"(max-width: 393px) 100vw, 393px\" \/><\/p>\n<p>&nbsp;<\/p>\n<p>is verkrijgbaar in de korrelgrootte van 0\/3, 0\/5, 0\/8, 0\/11 en 0\/16mm en op aanvraag verkrijgbaar in <span style=\"color: #b70000; font-weight: bold;\">rode fractie<\/span>, bijvoorbeeld voor rode fietspaden en verkeersstroken.<br \/>\nDie Lagerstabilit\u00e4t betr\u00e4gt 12 Monate ab Lieferdatum \u2013 Anbruchgebinde k\u00f6nnen noch Wochen sp\u00e4ter weiterverarbeitet werden. Einfach den Eimer wieder fest verschlie\u00dfen. Eine frostfreie Lagerung ist nicht erforderlich.<\/p>\n<p>[\/et_pb_text][\/et_pb_column][\/et_pb_row][\/et_pb_section][et_pb_section bb_built=&#8221;1&#8243; fullwidth=&#8221;off&#8221; specialty=&#8221;off&#8221; transparent_background=&#8221;off&#8221; background_color=&#8221;#0f4b7d&#8221; allow_player_pause=&#8221;off&#8221; inner_shadow=&#8221;off&#8221; parallax=&#8221;off&#8221; parallax_method=&#8221;off&#8221; padding_mobile=&#8221;off&#8221; make_fullwidth=&#8221;off&#8221; use_custom_width=&#8221;off&#8221; width_unit=&#8221;on&#8221; make_equal=&#8221;off&#8221; use_custom_gutter=&#8221;off&#8221; custom_padding_tablet=&#8221;50px|0|50px|0&#8243; custom_padding_last_edited=&#8221;on|desktop&#8221;][et_pb_row][et_pb_column type=&#8221;4_4&#8243;][et_pb_text admin_label=&#8221;Examples of use&#8221; background_layout=&#8221;dark&#8221; text_orientation=&#8221;left&#8221; use_border_color=&#8221;off&#8221; border_color=&#8221;#ffffff&#8221; border_style=&#8221;solid&#8221;]<\/p>\n<h3>Verwerkingsvoorbeelden<\/h3>\n<p>[\/et_pb_text][\/et_pb_column][\/et_pb_row][et_pb_row make_fullwidth=&#8221;off&#8221; use_custom_width=&#8221;off&#8221; width_unit=&#8221;on&#8221; use_custom_gutter=&#8221;off&#8221; padding_mobile=&#8221;off&#8221; allow_player_pause=&#8221;off&#8221; parallax=&#8221;off&#8221; parallax_method=&#8221;off&#8221; make_equal=&#8221;off&#8221; parallax_1=&#8221;off&#8221; parallax_method_1=&#8221;off&#8221; parallax_2=&#8221;off&#8221; parallax_method_2=&#8221;off&#8221; parallax_3=&#8221;off&#8221; parallax_method_3=&#8221;off&#8221; column_padding_mobile=&#8221;on&#8221;][et_pb_column type=&#8221;1_3&#8243;][et_pb_image admin_label=&#8221;Anrampung&#8221; src=&#8221;https:\/\/www.instamak.de\/wp-content\/uploads\/2016\/05\/anrampung.jpg&#8221; alt=&#8221;Anrampung&#8221; show_in_lightbox=&#8221;off&#8221; url_new_window=&#8221;off&#8221; use_overlay=&#8221;off&#8221; animation=&#8221;fade_in&#8221; sticky=&#8221;off&#8221; align=&#8221;center&#8221; force_fullwidth=&#8221;off&#8221; always_center_on_mobile=&#8221;on&#8221; use_border_color=&#8221;off&#8221; border_color=&#8221;#ffffff&#8221; border_style=&#8221;solid&#8221; animation_direction=&#8221;center&#8221; show_bottom_space=&#8221;on&#8221; animation_style=&#8221;fade&#8221; animation_duration=&#8221;500ms&#8221; animation_intensity_slide=&#8221;10%&#8221; \/][\/et_pb_column][et_pb_column type=&#8221;1_3&#8243;][et_pb_image admin_label=&#8221;Flicken&#8221; src=&#8221;https:\/\/www.instamak.de\/wp-content\/uploads\/2016\/05\/flicken.jpg&#8221; alt=&#8221;Flicken&#8221; show_in_lightbox=&#8221;off&#8221; url_new_window=&#8221;off&#8221; use_overlay=&#8221;off&#8221; animation=&#8221;fade_in&#8221; sticky=&#8221;off&#8221; align=&#8221;center&#8221; force_fullwidth=&#8221;off&#8221; always_center_on_mobile=&#8221;on&#8221; use_border_color=&#8221;off&#8221; border_color=&#8221;#ffffff&#8221; border_style=&#8221;solid&#8221; animation_direction=&#8221;center&#8221; show_bottom_space=&#8221;on&#8221; animation_style=&#8221;fade&#8221; animation_duration=&#8221;500ms&#8221; animation_intensity_slide=&#8221;10%&#8221; \/][\/et_pb_column][et_pb_column type=&#8221;1_3&#8243;][et_pb_image admin_label=&#8221;Gitter&#8221; src=&#8221;https:\/\/www.instamak.de\/wp-content\/uploads\/2016\/05\/gitter.jpg&#8221; alt=&#8221;Gitter&#8221; show_in_lightbox=&#8221;off&#8221; url_new_window=&#8221;off&#8221; use_overlay=&#8221;off&#8221; animation=&#8221;fade_in&#8221; sticky=&#8221;off&#8221; align=&#8221;center&#8221; force_fullwidth=&#8221;off&#8221; always_center_on_mobile=&#8221;on&#8221; use_border_color=&#8221;off&#8221; border_color=&#8221;#ffffff&#8221; border_style=&#8221;solid&#8221; animation_direction=&#8221;center&#8221; show_bottom_space=&#8221;on&#8221; animation_style=&#8221;fade&#8221; animation_duration=&#8221;500ms&#8221; animation_intensity_slide=&#8221;10%&#8221; \/][\/et_pb_column][\/et_pb_row][et_pb_row][et_pb_column type=&#8221;1_3&#8243;][et_pb_image admin_label=&#8221;Gulli&#8221; src=&#8221;https:\/\/www.instamak.de\/wp-content\/uploads\/2016\/05\/gulli.jpg&#8221; alt=&#8221;Gulli&#8221; show_in_lightbox=&#8221;off&#8221; url_new_window=&#8221;off&#8221; use_overlay=&#8221;off&#8221; animation=&#8221;fade_in&#8221; sticky=&#8221;off&#8221; align=&#8221;center&#8221; force_fullwidth=&#8221;off&#8221; always_center_on_mobile=&#8221;on&#8221; use_border_color=&#8221;off&#8221; border_color=&#8221;#ffffff&#8221; border_style=&#8221;solid&#8221; animation_direction=&#8221;center&#8221; show_bottom_space=&#8221;on&#8221; animation_style=&#8221;fade&#8221; animation_duration=&#8221;500ms&#8221; animation_intensity_slide=&#8221;10%&#8221; \/][\/et_pb_column][et_pb_column type=&#8221;1_3&#8243;][et_pb_image admin_label=&#8221;Gullideckel&#8221; src=&#8221;https:\/\/www.instamak.de\/wp-content\/uploads\/2016\/05\/gullideckel.jpg&#8221; alt=&#8221;Gullideckel&#8221; show_in_lightbox=&#8221;off&#8221; url_new_window=&#8221;off&#8221; use_overlay=&#8221;off&#8221; animation=&#8221;fade_in&#8221; sticky=&#8221;off&#8221; align=&#8221;center&#8221; force_fullwidth=&#8221;off&#8221; always_center_on_mobile=&#8221;on&#8221; use_border_color=&#8221;off&#8221; border_color=&#8221;#ffffff&#8221; border_style=&#8221;solid&#8221; animation_direction=&#8221;center&#8221; show_bottom_space=&#8221;on&#8221; animation_style=&#8221;fade&#8221; animation_duration=&#8221;500ms&#8221; animation_intensity_slide=&#8221;10%&#8221; \/][\/et_pb_column][et_pb_column type=&#8221;1_3&#8243;][et_pb_image admin_label=&#8221;Hydrant&#8221; src=&#8221;https:\/\/www.instamak.de\/wp-content\/uploads\/2016\/05\/hydrant.jpg&#8221; alt=&#8221;Hydrant&#8221; show_in_lightbox=&#8221;off&#8221; url_new_window=&#8221;off&#8221; use_overlay=&#8221;off&#8221; animation=&#8221;fade_in&#8221; sticky=&#8221;off&#8221; align=&#8221;center&#8221; force_fullwidth=&#8221;off&#8221; always_center_on_mobile=&#8221;on&#8221; use_border_color=&#8221;off&#8221; border_color=&#8221;#ffffff&#8221; border_style=&#8221;solid&#8221; animation_direction=&#8221;center&#8221; show_bottom_space=&#8221;on&#8221; animation_style=&#8221;fade&#8221; animation_duration=&#8221;500ms&#8221; animation_intensity_slide=&#8221;10%&#8221; \/][\/et_pb_column][\/et_pb_row][et_pb_row][et_pb_column type=&#8221;4_4&#8243;][et_pb_text background_layout=&#8221;dark&#8221; text_orientation=&#8221;left&#8221; use_border_color=&#8221;off&#8221; border_color=&#8221;#ffffff&#8221; border_style=&#8221;solid&#8221; _builder_version=&#8221;3.0.89&#8243;]<\/p>\n<p>Weitere Informationen entnehmen Sie bitte unseren Produkt- und Sicherheitsdatenbl\u00e4ttern<br \/>\noder vereinbaren Sie einen unverbindlichen Termin mit unserem Fachberater aus Ihrer N\u00e4he.<\/p>\n<p>[\/et_pb_text][\/et_pb_column][\/et_pb_row][\/et_pb_section][et_pb_section bb_built=&#8221;1&#8243; fullwidth=&#8221;off&#8221; specialty=&#8221;off&#8221;][et_pb_row][et_pb_column type=&#8221;1_2&#8243;][et_pb_blurb admin_label=&#8221;Einbauempfehlung&#8221; title=&#8221;Minimumverwerkingsconcentraties en aanbevelingen&#8221; url_new_window=&#8221;off&#8221; use_icon=&#8221;off&#8221; icon_color=&#8221;#7EBEC5&#8243; use_circle=&#8221;off&#8221; circle_color=&#8221;#7EBEC5&#8243; use_circle_border=&#8221;off&#8221; circle_border_color=&#8221;#7EBEC5&#8243; icon_placement=&#8221;top&#8221; animation=&#8221;top&#8221; background_layout=&#8221;light&#8221; text_orientation=&#8221;left&#8221; use_icon_font_size=&#8221;off&#8221; use_border_color=&#8221;off&#8221; border_color=&#8221;#ffffff&#8221; border_style=&#8221;solid&#8221; border_color_all=&#8221;#ffffff&#8221; border_style_all=&#8221;solid&#8221;]<\/p>\n<p>Korrelgrootte \u00a0\u00a0 0\/3\u00a0\u00a0 \u00a0(witte deksel) min. 10 mm tot 25 mm<br \/>\nKorrelgrootte \u00a0\u00a0 0\/5\u00a0\u00a0 \u00a0(rode dekse) mind. 15 mm tot 35 mm<br \/>\nKorrelgrootte \u00a0\u00a0 0\/8\u00a0\u00a0 \u00a0(groene deksel) mind. 25 mm tot 50 mm<br \/>\nKorrelgrootte \u00a0\u00a0 0\/11\u00a0\u00a0 \u00a0(blauwe deksel) mind. 35 mm tot 80 mm*<br \/>\nKorrelgrootte \u00a0\u00a0 0\/16\u00a0\u00a0 \u00a0(gele deksel) mind. 50 mm tot 100 mm*<\/p>\n<p>*Hoe groter de belastingklasse, des te groter dient de korrelgrootte te zijn. Grotere inbouwdiepten in lagen opbouwen en machinaal verdichten.<\/p>\n<p>[\/et_pb_blurb][\/et_pb_column][et_pb_column type=&#8221;1_2&#8243;][et_pb_blurb admin_label=&#8221;Lieferform&#8221; title=&#8221;Verpakkingseenheid&#8221; url_new_window=&#8221;off&#8221; use_icon=&#8221;off&#8221; icon_color=&#8221;#7EBEC5&#8243; use_circle=&#8221;off&#8221; circle_color=&#8221;#7EBEC5&#8243; use_circle_border=&#8221;off&#8221; circle_border_color=&#8221;#7EBEC5&#8243; icon_placement=&#8221;top&#8221; animation=&#8221;top&#8221; background_layout=&#8221;light&#8221; text_orientation=&#8221;left&#8221; use_icon_font_size=&#8221;off&#8221; use_border_color=&#8221;off&#8221; border_color=&#8221;#ffffff&#8221; border_style=&#8221;solid&#8221;]<\/p>\n<p>PE-emmer \u00e0 25 kg<br \/>\n24 emmers op een pallet<br \/>\nEuropallet 600 kg<\/p>\n<p>[\/et_pb_blurb][\/et_pb_column][\/et_pb_row][et_pb_row][et_pb_column type=&#8221;4_4&#8243;][et_pb_divider color=&#8221;#0f4b7d&#8221; show_divider=&#8221;off&#8221; divider_style=&#8221;solid&#8221; divider_position=&#8221;top&#8221; hide_on_mobile=&#8221;on&#8221; disabled_on=&#8221;on|on|off&#8221; \/][\/et_pb_column][\/et_pb_row][et_pb_row][et_pb_column type=&#8221;1_2&#8243;][et_pb_text admin_label=&#8221;Downloads&#8221; background_layout=&#8221;light&#8221; use_border_color=&#8221;off&#8221; border_color=&#8221;#ffffff&#8221; border_style=&#8221;solid&#8221; border_color_all=&#8221;#ffffff&#8221; module_alignment=&#8221;left&#8221; _builder_version=&#8221;3.0.89&#8243;]<\/p>\n<h4>Downloads<\/h4>\n<p><a href=\"https:\/\/www.instamak.de\/wp-content\/uploads\/2016\/05\/instamak_reparatieasfalt_flyer.pdf\">Flyer Reparatieasfalt<\/a><\/p>\n<p><a href=\"https:\/\/www.instamak.de\/wp-content\/uploads\/2016\/05\/instamak_reparatieasfalt_productinfo.pdf\">Productinfo Reparatieasfalt<\/a><\/p>\n<p><a href=\"https:\/\/www.instamak.de\/wp-content\/uploads\/2016\/05\/instamak_reparatieasfalt_gegevensblad.pdf\">Instamak Gegevensblad<\/a><\/p>\n<p><a href=\"https:\/\/www.instamak.de\/wp-content\/uploads\/2016\/05\/instamak_verwerkingshandleiding.pdf\">Verwerkingshandleiding Reparatieasfalt<\/a><\/p>\n<p><a href=\"https:\/\/www.instamak.de\/wp-content\/uploads\/2016\/05\/instamak_calculatie.pdf\">Instamak Calculatie<\/a><\/p>\n<p>[\/et_pb_text][\/et_pb_column][et_pb_column type=&#8221;1_2&#8243;][et_pb_image src=&#8221;https:\/\/www.instamak.de\/wp-content\/uploads\/2016\/05\/stampfer_mann.jpg&#8221; alt=&#8221;Stampfer Mann&#8221; show_in_lightbox=&#8221;off&#8221; url_new_window=&#8221;off&#8221; use_overlay=&#8221;off&#8221; animation=&#8221;off&#8221; sticky=&#8221;on&#8221; align=&#8221;right&#8221; force_fullwidth=&#8221;off&#8221; always_center_on_mobile=&#8221;on&#8221; use_border_color=&#8221;off&#8221; border_color=&#8221;#ffffff&#8221; border_style=&#8221;solid&#8221; custom_css_main_element=&#8221;margin-top:20px;&#8221; show_bottom_space=&#8221;off&#8221; animation_style=&#8221;none&#8221; animation_duration=&#8221;1000ms&#8221; animation_intensity_slide=&#8221;50%&#8221; \/][\/et_pb_column][\/et_pb_row][\/et_pb_section]<\/p>","protected":false},"excerpt":{"rendered":"<p>For permanent repairs of potholes and\/or wearing course unravelling on all road classes Final repair of small surface damages due to cable trenching, manhole maintenance, hydrants etc. Ramps for temporary driveways Can be used in all weather conditions \u2013 even when wet \u2013 and at ambient temperatures ranging from + 60\u00b0 to \u2013 40\u00b0 C [&hellip;]<\/p>\n","protected":false},"author":3,"featured_media":0,"parent":0,"menu_order":0,"comment_status":"closed","ping_status":"closed","template":"","meta":{"_et_pb_use_builder":"on","_et_pb_old_content":"","_et_gb_content_width":""},"_links":{"self":[{"href":"https:\/\/www.instamak.de\/nl\/wp-json\/wp\/v2\/pages\/103"}],"collection":[{"href":"https:\/\/www.instamak.de\/nl\/wp-json\/wp\/v2\/pages"}],"about":[{"href":"https:\/\/www.instamak.de\/nl\/wp-json\/wp\/v2\/types\/page"}],"author":[{"embeddable":true,"href":"https:\/\/www.instamak.de\/nl\/wp-json\/wp\/v2\/users\/3"}],"replies":[{"embeddable":true,"href":"https:\/\/www.instamak.de\/nl\/wp-json\/wp\/v2\/comments?post=103"}],"version-history":[{"count":0,"href":"https:\/\/www.instamak.de\/nl\/wp-json\/wp\/v2\/pages\/103\/revisions"}],"wp:attachment":[{"href":"https:\/\/www.instamak.de\/nl\/wp-json\/wp\/v2\/media?parent=103"}],"curies":[{"name":"wp","href":"https:\/\/api.w.org\/{rel}","templated":true}]}}