{"id":168,"date":"2016-05-04T15:18:55","date_gmt":"2016-05-04T13:18:55","guid":{"rendered":"https:\/\/www.instamak.de\/?page_id=168"},"modified":"2016-09-27T18:49:37","modified_gmt":"2016-09-27T16:49:37","slug":"bohrlochverschluss","status":"publish","type":"page","link":"https:\/\/www.instamak.de\/nl\/bohrlochverschluss\/","title":{"rendered":"gat rits"},"content":{"rendered":"<p>[et_pb_section admin_label=&#8221;section&#8221;][et_pb_row admin_label=&#8221;row&#8221;][et_pb_column type=&#8221;4_4&#8243;][et_pb_text admin_label=&#8221;Text&#8221; background_layout=&#8221;light&#8221; text_orientation=&#8221;left&#8221; use_border_color=&#8221;off&#8221; border_color=&#8221;#ffffff&#8221; border_style=&#8221;solid&#8221;]<\/p>\n<h1>gat rits<\/h1>\n<p><strong>auf Autobahnen, Landes- und Kommunalstra\u00dfen<\/strong><\/p>\n<p>[\/et_pb_text][\/et_pb_column][\/et_pb_row][et_pb_row admin_label=&#8221;Zeile&#8221;][et_pb_column type=&#8221;1_2&#8243;][et_pb_text admin_label=&#8221;Text&#8221; background_layout=&#8221;light&#8221; text_orientation=&#8221;left&#8221; use_border_color=&#8221;off&#8221; border_color=&#8221;#ffffff&#8221; border_style=&#8221;solid&#8221;]<\/p>\n<p style=\"text-align: justify;\"><img loading=\"lazy\" class=\"wp-image-468 size-full aligncenter\" title=\"Gat rits mit Instamak Reparatieasfalt\" src=\"https:\/\/www.instamak.de\/wp-content\/uploads\/2016\/05\/bohrer-500.jpg\" alt=\"Bohrlochverschluss\" width=\"500\" height=\"500\" srcset=\"https:\/\/www.instamak.de\/wp-content\/uploads\/2016\/05\/bohrer-500.jpg 500w, https:\/\/www.instamak.de\/wp-content\/uploads\/2016\/05\/bohrer-500-150x150.jpg 150w, https:\/\/www.instamak.de\/wp-content\/uploads\/2016\/05\/bohrer-500-300x300.jpg 300w\" sizes=\"(max-width: 500px) 100vw, 500px\" \/><\/p>\n<p>[\/et_pb_text][\/et_pb_column][et_pb_column type=&#8221;1_2&#8243;][et_pb_text admin_label=&#8221;Text&#8221; background_layout=&#8221;light&#8221; text_orientation=&#8221;left&#8221; use_border_color=&#8221;off&#8221; border_color=&#8221;#ffffff&#8221; border_style=&#8221;solid&#8221;]<\/p>\n<p>Currently there is no dutch version of this text available.<\/p>\n<p>[\/et_pb_text][\/et_pb_column][\/et_pb_row][\/et_pb_section][et_pb_section admin_label=&#8221;Sektion&#8221; fullwidth=&#8221;off&#8221; specialty=&#8221;off&#8221;][et_pb_row admin_label=&#8221;Zeile&#8221;][et_pb_column type=&#8221;1_2&#8243;][et_pb_text admin_label=&#8221;Text&#8221; background_layout=&#8221;light&#8221; text_orientation=&#8221;left&#8221; use_border_color=&#8221;off&#8221; border_color=&#8221;#ffffff&#8221; border_style=&#8221;solid&#8221;]<\/p>\n<h4>Downloads<\/h4>\n<p><a href=\"https:\/\/www.instamak.de\/wp-content\/uploads\/2016\/05\/borhlochverschluss_2016.pdf\">Informationsbrosch\u00fcre Bohrlochverschluss<\/a><\/p>\n<p>[\/et_pb_text][\/et_pb_column][et_pb_column type=&#8221;1_2&#8243;][et_pb_image admin_label=&#8221;Stampfer Mann&#8221; src=&#8221;https:\/\/www.instamak.de\/wp-content\/uploads\/2016\/05\/stampfer_mann.jpg&#8221; alt=&#8221;Stampfer Mann&#8221; show_in_lightbox=&#8221;off&#8221; url_new_window=&#8221;off&#8221; use_overlay=&#8221;off&#8221; animation=&#8221;off&#8221; sticky=&#8221;on&#8221; align=&#8221;right&#8221; force_fullwidth=&#8221;off&#8221; always_center_on_mobile=&#8221;on&#8221; use_border_color=&#8221;off&#8221; border_color=&#8221;#ffffff&#8221; border_style=&#8221;solid&#8221;] [\/et_pb_image][\/et_pb_column][\/et_pb_row][\/et_pb_section]<\/p>","protected":false},"excerpt":{"rendered":"<p>&nbsp; auf Autobahnen, Landes- und Kommunalstra\u00dfen Im Rahmen von Kontrollpr\u00fcfungen durch Landesbeh\u00f6rden und Kommunen werden Bohrkerne entnommen, um den qualitativen Zustand der Trag- und \/ oder Deckschichten beurteilen und eine Schichtdickenmessung durchf\u00fchren zu k\u00f6nnen. Die mit der Durchf\u00fchrung beauftragte und zugelassene RAP Stra-Pr\u00fcfstelle wird meist auch mit dem ordnungsgem\u00e4\u00dfen Verschlie\u00dfen der Bohrl\u00f6cher beauftragt, wobei eine [&hellip;]<\/p>\n","protected":false},"author":3,"featured_media":0,"parent":0,"menu_order":0,"comment_status":"closed","ping_status":"closed","template":"","meta":{"_et_pb_use_builder":"on","_et_pb_old_content":"","_et_gb_content_width":""},"_links":{"self":[{"href":"https:\/\/www.instamak.de\/nl\/wp-json\/wp\/v2\/pages\/168"}],"collection":[{"href":"https:\/\/www.instamak.de\/nl\/wp-json\/wp\/v2\/pages"}],"about":[{"href":"https:\/\/www.instamak.de\/nl\/wp-json\/wp\/v2\/types\/page"}],"author":[{"embeddable":true,"href":"https:\/\/www.instamak.de\/nl\/wp-json\/wp\/v2\/users\/3"}],"replies":[{"embeddable":true,"href":"https:\/\/www.instamak.de\/nl\/wp-json\/wp\/v2\/comments?post=168"}],"version-history":[{"count":0,"href":"https:\/\/www.instamak.de\/nl\/wp-json\/wp\/v2\/pages\/168\/revisions"}],"wp:attachment":[{"href":"https:\/\/www.instamak.de\/nl\/wp-json\/wp\/v2\/media?parent=168"}],"curies":[{"name":"wp","href":"https:\/\/api.w.org\/{rel}","templated":true}]}}