{"id":195,"date":"2016-05-06T13:23:27","date_gmt":"2016-05-06T11:23:27","guid":{"rendered":"https:\/\/www.instamak.de\/?page_id=195"},"modified":"2016-07-29T12:52:34","modified_gmt":"2016-07-29T10:52:34","slug":"umwelt-und-arbeitsschutz","status":"publish","type":"page","link":"https:\/\/www.instamak.de\/nl\/umwelt-und-arbeitsschutz\/","title":{"rendered":"Milieu- en personeelsbeleid"},"content":{"rendered":"<p>[et_pb_section admin_label=&#8221;section&#8221;][et_pb_row admin_label=&#8221;Zeile&#8221;][et_pb_column type=&#8221;4_4&#8243;][et_pb_text admin_label=&#8221;Milieu- en personeelsbeleid &#8211; Headline&#8221; background_layout=&#8221;light&#8221; text_orientation=&#8221;left&#8221; use_border_color=&#8221;off&#8221; border_color=&#8221;#ffffff&#8221; border_style=&#8221;solid&#8221;]<\/p>\n<h1>Milieu- en personeelsbeleid<\/h1>\n<p>[\/et_pb_text][\/et_pb_column][\/et_pb_row][et_pb_row admin_label=&#8221;row&#8221;][et_pb_column type=&#8221;2_3&#8243;][et_pb_blurb admin_label=&#8221;Milieu- en personeelsbeleid &#8211; text&#8221; url_new_window=&#8221;off&#8221; use_icon=&#8221;off&#8221; icon_color=&#8221;#7EBEC5&#8243; use_circle=&#8221;off&#8221; circle_color=&#8221;#7EBEC5&#8243; use_circle_border=&#8221;off&#8221; circle_border_color=&#8221;#7EBEC5&#8243; icon_placement=&#8221;top&#8221; animation=&#8221;top&#8221; background_layout=&#8221;light&#8221; text_orientation=&#8221;left&#8221; use_icon_font_size=&#8221;off&#8221; use_border_color=&#8221;off&#8221; border_color=&#8221;#ffffff&#8221; border_style=&#8221;solid&#8221;]<\/p>\n<p>Ecologie en duurzaamheid als ook werkklimaat zijn kernwaarden van onze onderneming.\u00a0 We gebruiken diversen middelen om het welzijn en de veiligheid van onze medewerkers te waarborgen en dit alles in goede harmonie te brengen met economische en ecologische ontwikkelingen. Hierin gaat ons bedrijfsbeleid verder dan de wettelijke verplichtingen voorschrijven.<\/p>\n<p>Deze bedrijfsfilosofie over arbeids- en milieubewustzijn begint al bij de inkoop van onze producten. Voor aanvang hebben we uit overtuiging en verantwoordelijkheid bewust naar de duurzaamheid en milieuvriendelijkheid van onze producten gekeken.<\/p>\n<p>[\/et_pb_blurb][\/et_pb_column][et_pb_column type=&#8221;1_3&#8243;][et_pb_blurb admin_label=&#8221;Onze minerale bouwstoffen&#8221; url_new_window=&#8221;off&#8221; use_icon=&#8221;off&#8221; icon_color=&#8221;#7EBEC5&#8243; use_circle=&#8221;off&#8221; circle_color=&#8221;#7EBEC5&#8243; use_circle_border=&#8221;off&#8221; circle_border_color=&#8221;#7EBEC5&#8243; image=&#8221;https:\/\/www.instamak.de\/wp-content\/uploads\/2016\/05\/sande.jpg&#8221; alt=&#8221;Unsere Sande&#8221; icon_placement=&#8221;top&#8221; animation=&#8221;top&#8221; background_layout=&#8221;light&#8221; text_orientation=&#8221;left&#8221; use_icon_font_size=&#8221;off&#8221; use_border_color=&#8221;off&#8221; border_color=&#8221;#ffffff&#8221; border_style=&#8221;solid&#8221;]<\/p>\n<p>Onze minerale bouwstoffen<\/p>\n<p>[\/et_pb_blurb][\/et_pb_column][\/et_pb_row][et_pb_row admin_label=&#8221;Zeile&#8221;][et_pb_column type=&#8221;4_4&#8243;][et_pb_text admin_label=&#8221;Werkomgeving en Productie &#8211; Headline&#8221; background_layout=&#8221;light&#8221; text_orientation=&#8221;left&#8221; use_border_color=&#8221;off&#8221; border_color=&#8221;#ffffff&#8221; border_style=&#8221;solid&#8221;]<\/p>\n<h3>Werkomgeving en Productie<\/h3>\n<p>[\/et_pb_text][\/et_pb_column][\/et_pb_row][et_pb_row admin_label=&#8221;Zeile&#8221;][et_pb_column type=&#8221;2_3&#8243;][et_pb_blurb admin_label=&#8221;Werkomgeving en Productie &#8211; text&#8221; url_new_window=&#8221;off&#8221; use_icon=&#8221;off&#8221; icon_color=&#8221;#7EBEC5&#8243; use_circle=&#8221;off&#8221; circle_color=&#8221;#7EBEC5&#8243; use_circle_border=&#8221;off&#8221; circle_border_color=&#8221;#7EBEC5&#8243; icon_placement=&#8221;top&#8221; animation=&#8221;top&#8221; background_layout=&#8221;light&#8221; text_orientation=&#8221;left&#8221; use_icon_font_size=&#8221;off&#8221; use_border_color=&#8221;off&#8221; border_color=&#8221;#ffffff&#8221; border_style=&#8221;solid&#8221;]<\/p>\n<p>Bei der Planung unseres neuen Werkes und der Verwaltung in Selmsdorf war es unser erkl\u00e4rtes Ziel, soviel Energie wie m\u00f6glich einzusparen. Der Verbrauch an Gas, Heiz\u00f6l und Strom ist seit Jahren ein wesentlicher Kostenfaktor. Daneben galt es nat\u00fcrlich, eine \u00f6kologisch vertretbare und arbeitsmedizinisch einwandfreie Produktionsst\u00e4tte zu schaffen. Um unser Ziel zu verwirklichen, mussten unsere Vorstellungen mit den gesetzliche Verordnungen und Arbeitsplatzbestimmungen in Einklang gebracht werden. Dies ist uns gelungen.<br \/>\nBeim Bau des Werkes wurden die Bereiche Sch\u00fcttgutlager\/Bunkeranlage, Bindemittel- und Additivlager sowie gekapselte F\u00f6rderanlagen und Mischerstationen konsequent voneinander getrennt. Unsere Produktionsmitarbeiter arbeiten an sauberen, hellen Arbeitspl\u00e4tzen und ben\u00f6tigen weder Staub- noch L\u00e4rmschutz.<\/p>\n<p>[\/et_pb_blurb][et_pb_blurb admin_label=&#8221;Informationstext&#8221; url_new_window=&#8221;off&#8221; use_icon=&#8221;off&#8221; icon_color=&#8221;#7EBEC5&#8243; use_circle=&#8221;off&#8221; circle_color=&#8221;#7EBEC5&#8243; use_circle_border=&#8221;off&#8221; circle_border_color=&#8221;#7EBEC5&#8243; icon_placement=&#8221;top&#8221; animation=&#8221;top&#8221; background_layout=&#8221;light&#8221; text_orientation=&#8221;left&#8221; use_icon_font_size=&#8221;off&#8221; use_border_color=&#8221;off&#8221; border_color=&#8221;#ffffff&#8221; border_style=&#8221;solid&#8221;]<\/p>\n<p>Voor het interne transport wordt gebruik gemaakt van een elektro heftruck en van palletwagens om uitlaatgassen en fijn stof te minimaliseren.<\/p>\n<p>Het totaal aan oplosmiddel van onze reparatieasfalt ligt onder de 1%. Dit is voor zowel onze medewerkers als onze klanten zeer aangenaam. Het gebruikte oplosmiddel is alipatisch en voor de gezondheid onschadelijk.<\/p>\n<p>[\/et_pb_blurb][\/et_pb_column][et_pb_column type=&#8221;1_3&#8243;][et_pb_blurb admin_label=&#8221;De steengroeve in gebruik&#8221; url_new_window=&#8221;off&#8221; use_icon=&#8221;off&#8221; icon_color=&#8221;#7EBEC5&#8243; use_circle=&#8221;off&#8221; circle_color=&#8221;#7EBEC5&#8243; use_circle_border=&#8221;off&#8221; circle_border_color=&#8221;#7EBEC5&#8243; image=&#8221;https:\/\/www.instamak.de\/wp-content\/uploads\/2016\/05\/steinbruch-1.jpg&#8221; icon_placement=&#8221;top&#8221; animation=&#8221;top&#8221; background_layout=&#8221;light&#8221; text_orientation=&#8221;left&#8221; use_icon_font_size=&#8221;off&#8221; use_border_color=&#8221;off&#8221; border_color=&#8221;#ffffff&#8221; border_style=&#8221;solid&#8221; alt=&#8221;De steengroeve in gebruik&#8221;]<\/p>\n<p>De steengroeve in gebruik<\/p>\n<p>[\/et_pb_blurb][\/et_pb_column][\/et_pb_row][et_pb_row admin_label=&#8221;Zeile&#8221;][et_pb_column type=&#8221;4_4&#8243;][et_pb_text admin_label=&#8221;Grondstoffen &#8211; Headline&#8221; background_layout=&#8221;light&#8221; text_orientation=&#8221;left&#8221; use_border_color=&#8221;off&#8221; border_color=&#8221;#ffffff&#8221; border_style=&#8221;solid&#8221;]<\/p>\n<h3>Grondstoffen<\/h3>\n<p>[\/et_pb_text][\/et_pb_column][\/et_pb_row][et_pb_row admin_label=&#8221;Zeile&#8221;][et_pb_column type=&#8221;2_3&#8243;][et_pb_blurb admin_label=&#8221;Grondstoffen &#8211; Text&#8221; url_new_window=&#8221;off&#8221; use_icon=&#8221;off&#8221; icon_color=&#8221;#7EBEC5&#8243; use_circle=&#8221;off&#8221; circle_color=&#8221;#7EBEC5&#8243; use_circle_border=&#8221;off&#8221; circle_border_color=&#8221;#7EBEC5&#8243; icon_placement=&#8221;top&#8221; animation=&#8221;top&#8221; background_layout=&#8221;light&#8221; text_orientation=&#8221;left&#8221; use_icon_font_size=&#8221;off&#8221; use_border_color=&#8221;off&#8221; border_color=&#8221;#ffffff&#8221; border_style=&#8221;solid&#8221;]<\/p>\n<p>Bij het uitzoeken van onze grondstoffen kijken we naar fabrikanten die dezelfde hoge eisen stellen m.b.t. het milieuvriendelijk produceren van de stoffen. Hierbij wordt ook gekeken naar het transport en het nadien weer terug geven aan de natuur.<br \/>\nOnze split en zandleveranciers werken met moderne technologie\u00ebn om een hoogwaardige en constante kwaliteit te waarborgen.<\/p>\n<p>[\/et_pb_blurb][\/et_pb_column][et_pb_column type=&#8221;1_3&#8243;][et_pb_blurb admin_label=&#8221;Steengroeven na gebruik&#8221; url_new_window=&#8221;off&#8221; use_icon=&#8221;off&#8221; icon_color=&#8221;#7EBEC5&#8243; use_circle=&#8221;off&#8221; circle_color=&#8221;#7EBEC5&#8243; use_circle_border=&#8221;off&#8221; circle_border_color=&#8221;#7EBEC5&#8243; image=&#8221;https:\/\/www.instamak.de\/wp-content\/uploads\/2016\/05\/renaturiert.jpg&#8221; icon_placement=&#8221;top&#8221; animation=&#8221;top&#8221; background_layout=&#8221;light&#8221; text_orientation=&#8221;left&#8221; use_icon_font_size=&#8221;off&#8221; use_border_color=&#8221;off&#8221; border_color=&#8221;#ffffff&#8221; border_style=&#8221;solid&#8221; alt=&#8221;Steengroeven na gebruik&#8221;]<\/p>\n<p>Steengroeven na gebruik<\/p>\n<p>[\/et_pb_blurb][\/et_pb_column][\/et_pb_row][\/et_pb_section][et_pb_section admin_label=&#8221;Sektion&#8221; fullwidth=&#8221;off&#8221; specialty=&#8221;off&#8221; transparent_background=&#8221;off&#8221; background_color=&#8221;#0f4b7d&#8221; allow_player_pause=&#8221;off&#8221; inner_shadow=&#8221;off&#8221; parallax=&#8221;off&#8221; parallax_method=&#8221;off&#8221; padding_mobile=&#8221;off&#8221; make_fullwidth=&#8221;off&#8221; use_custom_width=&#8221;off&#8221; width_unit=&#8221;on&#8221; make_equal=&#8221;off&#8221; use_custom_gutter=&#8221;off&#8221;][et_pb_row admin_label=&#8221;Zeile&#8221;][et_pb_column type=&#8221;4_4&#8243;][et_pb_text admin_label=&#8221;Hulpstoffen en verpakking &#8211; Headline&#8221; background_layout=&#8221;dark&#8221; text_orientation=&#8221;left&#8221; use_border_color=&#8221;off&#8221; border_color=&#8221;#ffffff&#8221; border_style=&#8221;solid&#8221;]<\/p>\n<h3>Hulpstoffen en verpakking<\/h3>\n<p>[\/et_pb_text][\/et_pb_column][\/et_pb_row][et_pb_row admin_label=&#8221;Zeile&#8221;][et_pb_column type=&#8221;2_3&#8243;][et_pb_blurb admin_label=&#8221;hulpstoffen &#8211; Text&#8221; url_new_window=&#8221;off&#8221; use_icon=&#8221;off&#8221; icon_color=&#8221;#7EBEC5&#8243; use_circle=&#8221;off&#8221; circle_color=&#8221;#7EBEC5&#8243; use_circle_border=&#8221;off&#8221; circle_border_color=&#8221;#7EBEC5&#8243; icon_placement=&#8221;top&#8221; animation=&#8221;top&#8221; background_layout=&#8221;dark&#8221; text_orientation=&#8221;left&#8221; use_icon_font_size=&#8221;off&#8221; use_border_color=&#8221;off&#8221; border_color=&#8221;#ffffff&#8221; border_style=&#8221;solid&#8221;]<\/p>\n<p>Bij de inkoop van hulpstoffen letten we erop dat er geen schadelijke stoffen gebruikt worden. Ze moeten langdurig meegaan en veilig zijn. Ook wordt gewerkt met zoveel mogelijk recycle materiaal dat nadien recyclebaar is.<br \/>\nOnze zwarte PE emmers bestaan uit een groot deel uit recycle materiaal. Sinds 1997 zijn we lid van RIGK inzamelingssysteem en garanderen hiermee al 15 jaar dat we werken met de voorschriften die wettelijk in 2009 zijn opgesteld.<\/p>\n<p>[\/et_pb_blurb][\/et_pb_column][et_pb_column type=&#8221;1_3&#8243;][\/et_pb_column][\/et_pb_row][et_pb_row admin_label=&#8221;Zeile&#8221;][et_pb_column type=&#8221;4_4&#8243;][et_pb_text admin_label=&#8221;Inkoop richtlijnen &#8211; headline&#8221; background_layout=&#8221;dark&#8221; text_orientation=&#8221;left&#8221; use_border_color=&#8221;off&#8221; border_color=&#8221;#ffffff&#8221; border_style=&#8221;solid&#8221;]<\/p>\n<h3>Inkoop richtlijnen<\/h3>\n<p>[\/et_pb_text][\/et_pb_column][\/et_pb_row][et_pb_row admin_label=&#8221;Zeile&#8221;][et_pb_column type=&#8221;2_3&#8243;][et_pb_blurb admin_label=&#8221;Inkoop richtlijnen &#8211; text&#8221; url_new_window=&#8221;off&#8221; use_icon=&#8221;off&#8221; icon_color=&#8221;#7EBEC5&#8243; use_circle=&#8221;off&#8221; circle_color=&#8221;#7EBEC5&#8243; use_circle_border=&#8221;off&#8221; circle_border_color=&#8221;#7EBEC5&#8243; icon_placement=&#8221;top&#8221; animation=&#8221;top&#8221; background_layout=&#8221;dark&#8221; text_orientation=&#8221;left&#8221; use_icon_font_size=&#8221;off&#8221; use_border_color=&#8221;off&#8221; border_color=&#8221;#ffffff&#8221; border_style=&#8221;solid&#8221;]<\/p>\n<p>Ons beleid bij de inkoop van grondstoffen, hulpstoffen en de productie zijn zeer strikt. Ze omvatten zoveel mogelijk ecologische aspecten ( bv herbruikbare grondstoffen, schadelijke stofvrije productie, daar waar mogelijk, de inzet van milieuvriendelijke energie, beperking van transport) en een sociale uitstraling met inachtneming van het Europese arbeidsrecht.<\/p>\n<p>[\/et_pb_blurb][\/et_pb_column][et_pb_column type=&#8221;1_3&#8243;][\/et_pb_column][\/et_pb_row][et_pb_row admin_label=&#8221;Zeile&#8221;][et_pb_column type=&#8221;4_4&#8243;][et_pb_text admin_label=&#8221;Logistiek &#8211; headline&#8221; background_layout=&#8221;dark&#8221; text_orientation=&#8221;left&#8221; use_border_color=&#8221;off&#8221; border_color=&#8221;#ffffff&#8221; border_style=&#8221;solid&#8221;]<\/p>\n<h3>Logistiek<\/h3>\n<p>[\/et_pb_text][\/et_pb_column][\/et_pb_row][et_pb_row admin_label=&#8221;Zeile&#8221;][et_pb_column type=&#8221;2_3&#8243;][et_pb_blurb admin_label=&#8221;Logistiek &#8211; Text&#8221; url_new_window=&#8221;off&#8221; use_icon=&#8221;off&#8221; icon_color=&#8221;#7EBEC5&#8243; use_circle=&#8221;off&#8221; circle_color=&#8221;#7EBEC5&#8243; use_circle_border=&#8221;off&#8221; circle_border_color=&#8221;#7EBEC5&#8243; icon_placement=&#8221;top&#8221; animation=&#8221;top&#8221; background_layout=&#8221;dark&#8221; text_orientation=&#8221;left&#8221; use_icon_font_size=&#8221;off&#8221; use_border_color=&#8221;off&#8221; border_color=&#8221;#ffffff&#8221; border_style=&#8221;solid&#8221;]<\/p>\n<p>Onze geselecteerde logistieke partners transporteren onze producten snel en betrouwbaar naar onze klanten. Bij het uitzoeken van onze logistieke partners letten wij, voor zover dit mogelijk is, naast de gebruikelijke condities op het inzetten van milieuvriendelijke auto\u2019s. Het direct via internet uitzetten van de opdrachten naar onze logistieke partners spaart tijd en optimaliseert de verzending naar onze klanten. Daarom leveren wij niet zelf uit, om leeg terug rijden zoveel mogelijk uit te sluiten. Alle logistieke partners beschikken over een milieumanagement systeem volgens ISO 14001.<\/p>\n<p>[\/et_pb_blurb][\/et_pb_column][et_pb_column type=&#8221;1_3&#8243;][et_pb_blurb admin_label=&#8221;Distibutiestations&#8221; url_new_window=&#8221;off&#8221; use_icon=&#8221;off&#8221; icon_color=&#8221;#7EBEC5&#8243; use_circle=&#8221;off&#8221; circle_color=&#8221;#7EBEC5&#8243; use_circle_border=&#8221;off&#8221; circle_border_color=&#8221;#7EBEC5&#8243; image=&#8221;https:\/\/www.instamak.de\/wp-content\/uploads\/2016\/05\/verteilstation.gif&#8221; alt=&#8221;Karte der Verteilstationen&#8221; icon_placement=&#8221;top&#8221; animation=&#8221;top&#8221; background_layout=&#8221;dark&#8221; text_orientation=&#8221;left&#8221; use_icon_font_size=&#8221;off&#8221; use_border_color=&#8221;off&#8221; border_color=&#8221;#ffffff&#8221; border_style=&#8221;solid&#8221;]<\/p>\n<p>Distibutiestations<\/p>\n<p>[\/et_pb_blurb][\/et_pb_column][\/et_pb_row][\/et_pb_section][et_pb_section admin_label=&#8221;Sektion&#8221; fullwidth=&#8221;off&#8221; specialty=&#8221;off&#8221;][et_pb_row admin_label=&#8221;Zeile&#8221;][et_pb_column type=&#8221;4_4&#8243;][et_pb_text admin_label=&#8221;Dienstreisen &#8211; Headline&#8221; background_layout=&#8221;light&#8221; text_orientation=&#8221;left&#8221; use_border_color=&#8221;off&#8221; border_color=&#8221;#ffffff&#8221; border_style=&#8221;solid&#8221;]<\/p>\n<h3>Dienstreisen<\/h3>\n<p>[\/et_pb_text][\/et_pb_column][\/et_pb_row][et_pb_row admin_label=&#8221;Zeile&#8221;][et_pb_column type=&#8221;2_3&#8243;][et_pb_blurb admin_label=&#8221;Dienstreisen &#8211; Text&#8221; url_new_window=&#8221;off&#8221; use_icon=&#8221;off&#8221; icon_color=&#8221;#7EBEC5&#8243; use_circle=&#8221;off&#8221; circle_color=&#8221;#7EBEC5&#8243; use_circle_border=&#8221;off&#8221; circle_border_color=&#8221;#7EBEC5&#8243; icon_placement=&#8221;top&#8221; animation=&#8221;top&#8221; background_layout=&#8221;light&#8221; text_orientation=&#8221;left&#8221; use_icon_font_size=&#8221;off&#8221; use_border_color=&#8221;off&#8221; border_color=&#8221;#ffffff&#8221; border_style=&#8221;solid&#8221;]<\/p>\n<p>F\u00fcr uns als europaweit t\u00e4tiges Unternehmen ist es unerl\u00e4sslich, durch pers\u00f6nliche Begegnungen den Kontakt zu unseren Kunden und Lieferanten herzustellen und aufrecht zu erhalten. Dabei ist es f\u00fcr uns selbstverst\u00e4ndlich, Dienstreisen sorgf\u00e4ltig zu planen und umweltrelevante Aspekte zu beachten.<br \/>\nSofern es sich um reine Besprechungstermine handelt, ist bis 500 km die Bahn unser bevorzugtes Reisemittel. Da wir sehr viele Produktpr\u00e4sentationen vornehmen und unsere Abnehmer oft weit abseits der Hauptverkehrsadern liegen, ist der PKW, bezogen auf die zur\u00fcckgelegten Kilometer, das meist verwendete Verkehrsmittel.<br \/>\nWegen der hohen Kilometerleistungen sind alle unsere Aussendienstfahrzeuge Dieselfahrzeuge mit Partikelfiltern und EURO 5 bzw. 6. Der CO\u00b2 Ausstoss unserer Firmenflotte lag im vergangen Jahr bei 133 g\/km.<\/p>\n<p>[\/et_pb_blurb][\/et_pb_column][et_pb_column type=&#8221;1_3&#8243;][\/et_pb_column][\/et_pb_row][\/et_pb_section][et_pb_section admin_label=&#8221;Sektion&#8221; fullwidth=&#8221;off&#8221; specialty=&#8221;off&#8221;][et_pb_row admin_label=&#8221;Zeile&#8221;][et_pb_column type=&#8221;1_2&#8243;][\/et_pb_column][et_pb_column type=&#8221;1_2&#8243;][et_pb_image admin_label=&#8221;Stampfer Mann &#8211; Bild&#8221; src=&#8221;https:\/\/www.instamak.de\/wp-content\/uploads\/2016\/05\/stampfer_mann.jpg&#8221; alt=&#8221;Stampfer Mann&#8221; show_in_lightbox=&#8221;off&#8221; url_new_window=&#8221;off&#8221; use_overlay=&#8221;off&#8221; animation=&#8221;off&#8221; sticky=&#8221;on&#8221; align=&#8221;right&#8221; force_fullwidth=&#8221;off&#8221; always_center_on_mobile=&#8221;on&#8221; use_border_color=&#8221;off&#8221; border_color=&#8221;#ffffff&#8221; border_style=&#8221;solid&#8221;] [\/et_pb_image][\/et_pb_column][\/et_pb_row][\/et_pb_section]<\/p>","protected":false},"excerpt":{"rendered":"<p>Umwelt- und Arbeitsschutz \u00d6kologie und Nachhaltigkeit sowie Mitarbeiterschutz und Arbeitssicherheit sind Grundlagen unseres Handelns. Wir achten darauf nat\u00fcrliche Ressourcen zu schonen, die Zufriedenheit und Sicherheit unserer Mitarbeiter zu gew\u00e4hrleisten und all dies in Einklang zu bringen mit \u00f6konomischen und \u00f6kologischen Notwendigkeiten. Deshalb erf\u00fcllen wir die gesetzlichen Auflagen im Bereich Umwelt, Mitarbeiterschutz und Arbeitssicherheit nicht nur [&hellip;]<\/p>\n","protected":false},"author":3,"featured_media":0,"parent":0,"menu_order":0,"comment_status":"closed","ping_status":"closed","template":"","meta":{"_et_pb_use_builder":"on","_et_pb_old_content":"","_et_gb_content_width":""},"_links":{"self":[{"href":"https:\/\/www.instamak.de\/nl\/wp-json\/wp\/v2\/pages\/195"}],"collection":[{"href":"https:\/\/www.instamak.de\/nl\/wp-json\/wp\/v2\/pages"}],"about":[{"href":"https:\/\/www.instamak.de\/nl\/wp-json\/wp\/v2\/types\/page"}],"author":[{"embeddable":true,"href":"https:\/\/www.instamak.de\/nl\/wp-json\/wp\/v2\/users\/3"}],"replies":[{"embeddable":true,"href":"https:\/\/www.instamak.de\/nl\/wp-json\/wp\/v2\/comments?post=195"}],"version-history":[{"count":0,"href":"https:\/\/www.instamak.de\/nl\/wp-json\/wp\/v2\/pages\/195\/revisions"}],"wp:attachment":[{"href":"https:\/\/www.instamak.de\/nl\/wp-json\/wp\/v2\/media?parent=195"}],"curies":[{"name":"wp","href":"https:\/\/api.w.org\/{rel}","templated":true}]}}