{"id":783,"date":"2020-05-01T19:13:04","date_gmt":"2020-05-01T17:13:04","guid":{"rendered":"https:\/\/www.instamak.de\/?page_id=783"},"modified":"2020-05-05T17:16:27","modified_gmt":"2020-05-05T15:16:27","slug":"roadplast-2k-reparaturharz","status":"publish","type":"page","link":"https:\/\/www.instamak.de\/nl\/roadplast-2k-reparaturharz\/","title":{"rendered":"ROADPLAST 2K-ReparaturHarz"},"content":{"rendered":"<p>[et_pb_section fb_built=&#8221;1&#8243; admin_label=&#8221;section&#8221; _builder_version=&#8221;3.22&#8243; global_module=&#8221;798&#8243;][et_pb_row _builder_version=&#8221;4.4.5&#8243; background_size=&#8221;initial&#8221; background_position=&#8221;top_left&#8221; background_repeat=&#8221;repeat&#8221;][et_pb_column type=&#8221;4_4&#8243; _builder_version=&#8221;3.25&#8243; custom_padding=&#8221;|||&#8221; custom_padding__hover=&#8221;|||&#8221;][et_pb_image src=&#8221;https:\/\/www.instamak.de\/wp-content\/uploads\/2020\/05\/roadplast-harz-headline-2.png&#8221; alt=&#8221;RoadPlast 2K Reparatur Harz&#8221; title_text=&#8221;RoadPlast 2K Reparatur Harz&#8221; show_bottom_space=&#8221;off&#8221; align_tablet=&#8221;center&#8221; align_phone=&#8221;&#8221; align_last_edited=&#8221;on|desktop&#8221; admin_label=&#8221;Logo Reparaturasphalt big&#8221; _builder_version=&#8221;4.4.5&#8243; hover_enabled=&#8221;0&#8243; animation=&#8221;off&#8221; sticky=&#8221;on&#8221; use_border_color=&#8221;off&#8221; border_color=&#8221;#ffffff&#8221; border_style=&#8221;solid&#8221; always_center_on_mobile=&#8221;on&#8221;][\/et_pb_image][\/et_pb_column][\/et_pb_row][et_pb_row column_structure=&#8221;2_3,1_3&#8243; admin_label=&#8221;row&#8221; _builder_version=&#8221;3.25&#8243; background_size=&#8221;initial&#8221; background_position=&#8221;top_left&#8221; background_repeat=&#8221;repeat&#8221; custom_padding=&#8221;57px|||||&#8221;][et_pb_column type=&#8221;2_3&#8243; _builder_version=&#8221;3.25&#8243; custom_padding=&#8221;|||&#8221; custom_padding__hover=&#8221;|||&#8221;][et_pb_blurb _builder_version=&#8221;4.4.5&#8243; background_size=&#8221;initial&#8221; background_position=&#8221;top_left&#8221; background_repeat=&#8221;repeat&#8221; max_width_tablet=&#8221;50px&#8221; border_style_all=&#8221;solid&#8221; border_style=&#8221;solid&#8221;]<\/p>\n<p><strong>Anwendungsbereiche:<\/strong><\/p>\n<ul>\n<li>\n<p class=\"p1\">Risse und Fugen verschlie\u00dfen<\/p>\n<\/li>\n<li>\n<p class=\"p1\">Du\u0308nnbeschichtung von Industrieb\u00f6den<\/p>\n<\/li>\n<li>\n<p class=\"p1\">Fu\u0308llung von Randsteinfugen<\/p>\n<\/li>\n<li>\n<p class=\"p1\">Verguss von Induktionsschleifen zur Verkehrssteuerung<\/p>\n<\/li>\n<\/ul>\n<p><strong>Vorteile &amp; Eigenschaften:<\/strong><\/p>\n<ul>\n<li>\n<p class=\"p1\">Schnelle und einfache Anwendung<\/p>\n<\/li>\n<li>\n<p class=\"p1\">Flexibel und dehnbar<\/p>\n<\/li>\n<li>\n<p class=\"p1\">Kurze Aush\u00e4rtezeit von ca. 10 Minuten<\/p>\n<\/li>\n<li>\n<p class=\"p1\">Kein Voranstrich notwendig (kann direkt auf Asphalt aufgetragen werden)<\/p>\n<\/li>\n<li>\n<p class=\"p1\">Rutschsichere Oberfl\u00e4che<\/p>\n<\/li>\n<li>\n<p class=\"p1\">Schwundfreie Aush\u00e4rtung<\/p>\n<\/li>\n<li>\n<p class=\"p1\"><span style=\"font-size: 16px;\">Farbe: \u201eAsphaltgrau\u201c<\/span><\/p>\n<\/li>\n<li>\n<p class=\"p1\"><span style=\"font-size: 16px;\"><\/span>Ideal bei einer Rissbreite von: 5 mm bis 30 mm<\/p>\n<\/li>\n<\/ul>\n<p>[\/et_pb_blurb][\/et_pb_column][et_pb_column type=&#8221;1_3&#8243; _builder_version=&#8221;3.25&#8243; custom_padding=&#8221;|||&#8221; custom_padding__hover=&#8221;|||&#8221;][et_pb_image src=&#8221;https:\/\/www.instamak.de\/wp-content\/uploads\/2020\/05\/harz.jpg&#8221; alt=&#8221;RoadPlast Eimer mit 2K-ReparaturHarz sowie PulverH\u00e4rter&#8221; title_text=&#8221;RoadPlast Eimer mit 2K-ReparaturHarz sowie PulverH\u00e4rter&#8221; align=&#8221;center&#8221; align_tablet=&#8221;center&#8221; align_phone=&#8221;&#8221; align_last_edited=&#8221;on|desktop&#8221; _builder_version=&#8221;4.4.5&#8243; animation_style=&#8221;slide&#8221; animation_direction=&#8221;right&#8221; animation_duration=&#8221;500ms&#8221; animation_intensity_slide=&#8221;10%&#8221; animation=&#8221;left&#8221; sticky=&#8221;off&#8221; use_border_color=&#8221;off&#8221; border_color=&#8221;#ffffff&#8221; border_style=&#8221;solid&#8221; always_center_on_mobile=&#8221;on&#8221;][\/et_pb_image][\/et_pb_column][\/et_pb_row][\/et_pb_section][et_pb_section fb_built=&#8221;1&#8243; custom_padding_last_edited=&#8221;on|desktop&#8221; module_class=&#8221;with-background&#8221; _builder_version=&#8221;3.22&#8243; background_color=&#8221;#0f4b7d&#8221; custom_padding_tablet=&#8221;50px|0|50px|0&#8243; custom_padding_phone=&#8221;&#8221; transparent_background=&#8221;off&#8221; padding_mobile=&#8221;off&#8221; make_fullwidth=&#8221;off&#8221; use_custom_width=&#8221;off&#8221; width_unit=&#8221;on&#8221; global_module=&#8221;837&#8243;][et_pb_row column_structure=&#8221;1_3,1_3,1_3&#8243; _builder_version=&#8221;3.25&#8243; background_size=&#8221;initial&#8221; background_position=&#8221;top_left&#8221; background_repeat=&#8221;repeat&#8221;][et_pb_column type=&#8221;1_3&#8243; _builder_version=&#8221;3.25&#8243; custom_padding=&#8221;|||&#8221; custom_padding__hover=&#8221;|||&#8221;][et_pb_blurb image=&#8221;https:\/\/www.instamak.de\/wp-content\/uploads\/2020\/05\/harz-riss.jpg&#8221; alt=&#8221;Riss im Asphalt&#8221; image_max_width=&#8221;none&#8221; admin_label=&#8221;Opa Asphalt 1&#8243; _builder_version=&#8221;4.4.5&#8243; background_size=&#8221;initial&#8221; background_position=&#8221;top_left&#8221; background_repeat=&#8221;repeat&#8221; background_layout=&#8221;dark&#8221; use_border_color=&#8221;off&#8221; border_color=&#8221;#ffffff&#8221; border_style=&#8221;solid&#8221;]<\/p>\n<p class=\"p1\">Der <span class=\"s1\">2K-Reparatur<\/span><span class=\"s2\">Harz <\/span>ist bereits gebrauchsfertig gemischt. Vor der Verarbeitung muss lediglich die H\u00e4rterkomponente (Pulver) beigemischt werden.\u00a0<\/p>\n<p class=\"p1\">Das Material muss nicht erhitzt werden (kein Aufkochen notwendig), sondern wird kalt verarbeitet. Es verschlie\u00dft Risse und h\u00e4lt diese dicht. Zudem ist es flexibel und dehnbar um Bewegungen im Untergrund auszugleichen.<\/p>\n<p>[\/et_pb_blurb][\/et_pb_column][et_pb_column type=&#8221;1_3&#8243; _builder_version=&#8221;3.25&#8243; custom_padding=&#8221;|||&#8221; custom_padding__hover=&#8221;|||&#8221;][et_pb_blurb image=&#8221;https:\/\/www.instamak.de\/wp-content\/uploads\/2020\/05\/harz-flex.jpg&#8221; alt=&#8221;Riss mit der Flex vorbehandeln&#8221; image_max_width=&#8221;none&#8221; admin_label=&#8221;Opa Asphalt 2&#8243; _builder_version=&#8221;4.4.5&#8243; background_size=&#8221;initial&#8221; background_position=&#8221;top_left&#8221; background_repeat=&#8221;repeat&#8221; background_layout=&#8221;dark&#8221; use_border_color=&#8221;off&#8221; border_color=&#8221;#ffffff&#8221; border_style=&#8221;solid&#8221;]<\/p>\n<p class=\"p1\">Die zu sanierende Stelle (Fuge oder Riss) mit der <span class=\"s1\">ROAD<\/span><span class=\"s2\">PLAST <\/span> V-Form Diamant-trennscheibe aufschneiden und lose Asphaltstu\u0308cke entfernen, damit sp\u00e4ter das Material bis zum Grund des Risses eindringen kann.\u00a0<\/p>\n<p class=\"p1\">Danach den Bereich mit dem <span class=\"s1\">ROAD<\/span><span class=\"s2\">PLAST <\/span>Stahlbesen kurz anrauen und anschlie\u00dfend die Stelle mittels Druckluft vom Staub befreien. Die Umrandung des Schachts mittels Krepp-Klebeband abkleben.<\/p>\n<p>[\/et_pb_blurb][\/et_pb_column][et_pb_column type=&#8221;1_3&#8243; _builder_version=&#8221;3.25&#8243; custom_padding=&#8221;|||&#8221; custom_padding__hover=&#8221;|||&#8221;][et_pb_blurb image=&#8221;https:\/\/www.instamak.de\/wp-content\/uploads\/2020\/05\/harz-guss.jpg&#8221; alt=&#8221;Riss mit RoadPlast 2K Reparaturharz ausgie\u00dfen&#8221; image_max_width=&#8221;none&#8221; admin_label=&#8221;Opa Asphalt Drainage 3&#8243; _builder_version=&#8221;4.4.5&#8243; background_size=&#8221;initial&#8221; background_position=&#8221;top_left&#8221; background_repeat=&#8221;repeat&#8221; background_layout=&#8221;dark&#8221; use_border_color=&#8221;off&#8221; border_color=&#8221;#ffffff&#8221; border_style=&#8221;solid&#8221;]<\/p>\n<p class=\"p1\">Nun den Inhalt in die zu verschlie\u00dfenden Risse geben und das u\u0308berschu\u0308ssige Material mit einer Spachtel kurz\u00a0<span style=\"font-size: 16px;\">glatt streichen. Anschlie\u00dfend die Klebeb\u00e4nder entfernen, das Werkzeug reinigen und die Baustelle absichern.<\/span><\/p>\n<p class=\"p1\">Nach ca. 10 Minuten Aush\u00e4rtezeit ist die Stelle bereits voll belastbar und kann fu\u0308r den Verkehr freigegeben\u00a0<span style=\"font-size: 16px;\">werden.<\/span><\/p>\n<p>[\/et_pb_blurb][\/et_pb_column][\/et_pb_row][\/et_pb_section][et_pb_section fb_built=&#8221;1&#8243; _builder_version=&#8221;4.4.5&#8243;][et_pb_row _builder_version=&#8221;4.4.5&#8243;][et_pb_column type=&#8221;4_4&#8243; _builder_version=&#8221;4.4.5&#8243;][et_pb_text _builder_version=&#8221;4.4.5&#8243;]<\/p>\n<p><strong>Hinweis:<\/strong><\/p>\n<p class=\"p1\">Diese Produktangaben entsprechen unserem jetzigen Informationsstand. Der Anwender ist verpfl ichtet, die Eignung und Anwendungsm\u00f6glichkeiten fu\u0308r den vorgesehenen Zweck zu pru\u0308fen. Bei speziellen Anwendungen beraten wir Sie gerne. Es gelten unsere allgemeinen Lieferungs- und Zahlungsbedingungen.<\/p>\n<p>[\/et_pb_text][\/et_pb_column][\/et_pb_row][\/et_pb_section][et_pb_section fb_built=&#8221;1&#8243; _builder_version=&#8221;4.4.5&#8243;][et_pb_row column_structure=&#8221;1_2,1_2&#8243; _builder_version=&#8221;3.25&#8243; background_size=&#8221;initial&#8221; background_position=&#8221;top_left&#8221; background_repeat=&#8221;repeat&#8221; global_module=&#8221;839&#8243;][et_pb_column type=&#8221;1_2&#8243; _builder_version=&#8221;3.25&#8243; custom_padding=&#8221;|||&#8221; custom_padding__hover=&#8221;|||&#8221;][et_pb_text admin_label=&#8221;Downloads&#8221; _builder_version=&#8221;3.27.4&#8243; background_size=&#8221;initial&#8221; background_position=&#8221;top_left&#8221; background_repeat=&#8221;repeat&#8221; border_style=&#8221;solid&#8221;]<\/p>\n<h4>Downloads<\/h4>\n<p>Demn\u00e4chst hier.<\/p>\n<p>&nbsp;<\/p>\n<p>[\/et_pb_text][\/et_pb_column][et_pb_column type=&#8221;1_2&#8243; _builder_version=&#8221;3.25&#8243; custom_padding=&#8221;|||&#8221; custom_padding__hover=&#8221;|||&#8221;][et_pb_image src=&#8221;https:\/\/www.instamak.de\/wp-content\/uploads\/2016\/05\/stampfer_mann.jpg&#8221; alt=&#8221;Stampfer Mann&#8221; show_bottom_space=&#8221;off&#8221; align=&#8221;right&#8221; align_tablet=&#8221;center&#8221; align_phone=&#8221;&#8221; align_last_edited=&#8221;on|desktop&#8221; admin_label=&#8221;Stampfer Mann&#8221; _builder_version=&#8221;3.23&#8243; animation=&#8221;off&#8221; sticky=&#8221;on&#8221; use_border_color=&#8221;off&#8221; border_color=&#8221;#ffffff&#8221; border_style=&#8221;solid&#8221; always_center_on_mobile=&#8221;on&#8221;][\/et_pb_image][\/et_pb_column][\/et_pb_row][\/et_pb_section]<\/p>\n","protected":false},"excerpt":{"rendered":"<p>Anwendungsbereiche: Risse und Fugen verschlie\u00dfen Du\u0308nnbeschichtung von Industrieb\u00f6den Fu\u0308llung von Randsteinfugen Verguss von Induktionsschleifen zur Verkehrssteuerung Vorteile &amp; Eigenschaften: Schnelle und einfache Anwendung Flexibel und dehnbar Kurze Aush\u00e4rtezeit von ca. 10 Minuten Kein Voranstrich notwendig (kann direkt auf Asphalt aufgetragen werden) Rutschsichere Oberfl\u00e4che Schwundfreie Aush\u00e4rtung Farbe: \u201eAsphaltgrau\u201c Ideal bei einer Rissbreite von: 5 mm bis [&hellip;]<\/p>\n","protected":false},"author":3,"featured_media":0,"parent":0,"menu_order":0,"comment_status":"closed","ping_status":"closed","template":"","meta":{"_et_pb_use_builder":"on","_et_pb_old_content":"","_et_gb_content_width":""},"_links":{"self":[{"href":"https:\/\/www.instamak.de\/nl\/wp-json\/wp\/v2\/pages\/783"}],"collection":[{"href":"https:\/\/www.instamak.de\/nl\/wp-json\/wp\/v2\/pages"}],"about":[{"href":"https:\/\/www.instamak.de\/nl\/wp-json\/wp\/v2\/types\/page"}],"author":[{"embeddable":true,"href":"https:\/\/www.instamak.de\/nl\/wp-json\/wp\/v2\/users\/3"}],"replies":[{"embeddable":true,"href":"https:\/\/www.instamak.de\/nl\/wp-json\/wp\/v2\/comments?post=783"}],"version-history":[{"count":18,"href":"https:\/\/www.instamak.de\/nl\/wp-json\/wp\/v2\/pages\/783\/revisions"}],"predecessor-version":[{"id":917,"href":"https:\/\/www.instamak.de\/nl\/wp-json\/wp\/v2\/pages\/783\/revisions\/917"}],"wp:attachment":[{"href":"https:\/\/www.instamak.de\/nl\/wp-json\/wp\/v2\/media?parent=783"}],"curies":[{"name":"wp","href":"https:\/\/api.w.org\/{rel}","templated":true}]}}